{"id":33,"date":"2023-12-27T14:48:38","date_gmt":"2023-12-27T14:48:38","guid":{"rendered":"https:\/\/2neuron.com\/?page_id=33"},"modified":"2024-11-03T21:06:33","modified_gmt":"2024-11-03T21:06:33","slug":"diferenciais","status":"publish","type":"page","link":"https:\/\/2neuron.com\/en\/diferenciais\/","title":{"rendered":"Differentials"},"content":{"rendered":"<div data-elementor-type=\"wp-page\" data-elementor-id=\"33\" class=\"elementor elementor-33\" data-elementor-post-type=\"page\">\n\t\t\t\t<div class=\"elementor-element elementor-element-5306bd0 e-con-full e-flex e-con e-parent\" data-id=\"5306bd0\" data-element_type=\"container\" data-e-type=\"container\" data-settings=\"{&quot;background_background&quot;:&quot;classic&quot;}\">\n\t\t\t\t<div class=\"elementor-element elementor-element-a40965c elementor-widget elementor-widget-heading\" data-id=\"a40965c\" data-element_type=\"widget\" data-e-type=\"widget\" data-widget_type=\"heading.default\">\n\t\t\t\t<div class=\"elementor-widget-container\">\n\t\t\t\t\t<h2 class=\"elementor-heading-title elementor-size-default\">Differentials<\/h2>\t\t\t\t<\/div>\n\t\t\t\t<\/div>\n\t\t\t\t<\/div>\n\t\t<div class=\"elementor-element elementor-element-451a10d e-con-full e-flex e-con e-parent\" data-id=\"451a10d\" data-element_type=\"container\" data-e-type=\"container\">\n\t\t<div class=\"elementor-element elementor-element-e8fc344 e-con-full e-flex e-con e-child\" data-id=\"e8fc344\" data-element_type=\"container\" data-e-type=\"container\">\n\t\t\t\t<div class=\"elementor-element elementor-element-c1a1fb8 elementor-widget elementor-widget-heading\" data-id=\"c1a1fb8\" data-element_type=\"widget\" data-e-type=\"widget\" data-widget_type=\"heading.default\">\n\t\t\t\t<div class=\"elementor-widget-container\">\n\t\t\t\t\t<h2 class=\"elementor-heading-title elementor-size-default\">Instala\u00e7\u00e3o no painel el\u00e9trico<\/h2>\t\t\t\t<\/div>\n\t\t\t\t<\/div>\n\t\t\t\t<div class=\"elementor-element elementor-element-a97b31c elementor-widget-divider--view-line elementor-widget elementor-widget-divider\" data-id=\"a97b31c\" data-element_type=\"widget\" data-e-type=\"widget\" data-widget_type=\"divider.default\">\n\t\t\t\t<div class=\"elementor-widget-container\">\n\t\t\t\t\t\t\t<div class=\"elementor-divider\">\n\t\t\t<span class=\"elementor-divider-separator\">\n\t\t\t\t\t\t<\/span>\n\t\t<\/div>\n\t\t\t\t\t\t<\/div>\n\t\t\t\t<\/div>\n\t\t\t\t<div class=\"elementor-element elementor-element-467241d elementor-widget elementor-widget-heading\" data-id=\"467241d\" data-element_type=\"widget\" data-e-type=\"widget\" data-widget_type=\"heading.default\">\n\t\t\t\t<div class=\"elementor-widget-container\">\n\t\t\t\t\t<h2 class=\"elementor-heading-title elementor-size-default\">Com a instala\u00e7\u00e3o no painel el\u00e9trico, o Ultronline oferece uma s\u00e9rie de benef\u00edcios para sua ind\u00fastria. Confira as principais vantagens:<\/h2>\t\t\t\t<\/div>\n\t\t\t\t<\/div>\n\t\t\t\t<div class=\"elementor-element elementor-element-25cc911 elementor-widget elementor-widget-spacer\" data-id=\"25cc911\" data-element_type=\"widget\" data-e-type=\"widget\" data-widget_type=\"spacer.default\">\n\t\t\t\t<div class=\"elementor-widget-container\">\n\t\t\t\t\t\t\t<div class=\"elementor-spacer\">\n\t\t\t<div class=\"elementor-spacer-inner\"><\/div>\n\t\t<\/div>\n\t\t\t\t\t\t<\/div>\n\t\t\t\t<\/div>\n\t\t\t\t<div class=\"elementor-element elementor-element-21e5768 elementor-widget elementor-widget-text-editor\" data-id=\"21e5768\" data-element_type=\"widget\" data-e-type=\"widget\" data-widget_type=\"text-editor.default\">\n\t\t\t\t<div class=\"elementor-widget-container\">\n\t\t\t\t\t\t\t\t\t<p><strong>Simplicidade na instala\u00e7\u00e3o<\/strong><br \/>Sua opera\u00e7\u00e3o merece o melhor, sem complica\u00e7\u00f5es. Monitorar suas m\u00e1quinas diretamente do painel el\u00e9trico simplifica a instala\u00e7\u00e3o, poupando tempo e recursos preciosos.<\/p><p><strong>Seguran\u00e7a garantida<\/strong><br \/>Mantenha sua equipe segura. Monitorar a partir do painel el\u00e9trico reduz os riscos associados \u00e0 manuten\u00e7\u00e3o em locais insalubres e de dif\u00edcil acesso, proporcionando um ambiente de trabalho mais seguro e controlado.<\/p><p><strong>Prote\u00e7\u00e3o contra danos<\/strong><br \/>Ao evitar instala\u00e7\u00f5es diretamente no ativo, protegemos contra danos causados por vibra\u00e7\u00f5es, impactos ou elementos corrosivos, garantindo a confiabilidade de seu monitoramento.<\/p><p><strong>Monitoramento em condi\u00e7\u00f5es extremas<\/strong><br \/>V\u00e1 al\u00e9m! Monitoramos ativos submersos, em locais de dif\u00edcil acesso e insalubres ou em \u00e1reas classificadas, oferecendo uma solu\u00e7\u00e3o robusta e confi\u00e1vel, mesmo nas condi\u00e7\u00f5es mais desafiadoras.<\/p>\t\t\t\t\t\t\t\t<\/div>\n\t\t\t\t<\/div>\n\t\t\t\t<\/div>\n\t\t<div class=\"elementor-element elementor-element-5b5b8cb e-con-full e-flex e-con e-child\" data-id=\"5b5b8cb\" data-element_type=\"container\" data-e-type=\"container\">\n\t\t\t\t<div class=\"elementor-element elementor-element-876c7a0 elementor-widget elementor-widget-image\" data-id=\"876c7a0\" data-element_type=\"widget\" data-e-type=\"widget\" data-widget_type=\"image.default\">\n\t\t\t\t<div class=\"elementor-widget-container\">\n\t\t\t\t\t\t\t\t\t\t\t\t\t\t\t\t<a href=\"https:\/\/2neuron.com\/wp-content\/uploads\/2023\/12\/ultronline-painel.jpg\" data-elementor-open-lightbox=\"yes\" data-e-action-hash=\"#elementor-action%3Aaction%3Dlightbox%26settings%3DeyJpZCI6Mzc2LCJ1cmwiOiJodHRwczpcL1wvMm5ldXJvbi5jb21cL3dwLWNvbnRlbnRcL3VwbG9hZHNcLzIwMjNcLzEyXC91bHRyb25saW5lLXBhaW5lbC5qcGcifQ%3D%3D\">\n\t\t\t\t\t\t\t<img fetchpriority=\"high\" decoding=\"async\" width=\"800\" height=\"491\" src=\"https:\/\/2neuron.com\/wp-content\/uploads\/2023\/12\/ultronline-painel.jpg\" class=\"attachment-large size-large wp-image-376\" alt=\"\" srcset=\"https:\/\/2neuron.com\/wp-content\/uploads\/2023\/12\/ultronline-painel.jpg 840w, https:\/\/2neuron.com\/wp-content\/uploads\/2023\/12\/ultronline-painel-300x184.jpg 300w, https:\/\/2neuron.com\/wp-content\/uploads\/2023\/12\/ultronline-painel-768x472.jpg 768w\" sizes=\"(max-width: 800px) 100vw, 800px\" title=\"\">\t\t\t\t\t\t\t\t<\/a>\n\t\t\t\t\t\t\t\t\t\t\t\t\t\t\t<\/div>\n\t\t\t\t<\/div>\n\t\t\t\t<\/div>\n\t\t\t\t<\/div>\n\t\t<div class=\"elementor-element elementor-element-40fda50 e-con-full e-flex e-con e-parent\" data-id=\"40fda50\" data-element_type=\"container\" data-e-type=\"container\" data-settings=\"{&quot;background_background&quot;:&quot;classic&quot;}\">\n\t\t<div class=\"elementor-element elementor-element-aa0c6ef e-con-full e-flex e-con e-child\" data-id=\"aa0c6ef\" data-element_type=\"container\" data-e-type=\"container\">\n\t\t\t\t<div class=\"elementor-element elementor-element-2fd2035 elementor-widget elementor-widget-heading\" data-id=\"2fd2035\" data-element_type=\"widget\" data-e-type=\"widget\" data-widget_type=\"heading.default\">\n\t\t\t\t<div class=\"elementor-widget-container\">\n\t\t\t\t\t<h2 class=\"elementor-heading-title elementor-size-default\">Detec\u00e7\u00e3o de falhas mec\u00e2nicas e el\u00e9tricas<\/h2>\t\t\t\t<\/div>\n\t\t\t\t<\/div>\n\t\t\t\t<div class=\"elementor-element elementor-element-975e1f9 elementor-widget elementor-widget-text-editor\" data-id=\"975e1f9\" data-element_type=\"widget\" data-e-type=\"widget\" data-widget_type=\"text-editor.default\">\n\t\t\t\t<div class=\"elementor-widget-container\">\n\t\t\t\t\t\t\t\t\t<p>Com um \u00fanico dispositivo, o Ultronline \u00e9 capaz de detectar problemas mec\u00e2nicos e el\u00e9tricos em todo o sistema, desde o motor at\u00e9 a carga.<\/p>\t\t\t\t\t\t\t\t<\/div>\n\t\t\t\t<\/div>\n\t\t\t\t<div class=\"elementor-element elementor-element-f8f58be elementor-widget elementor-widget-toggle\" data-id=\"f8f58be\" data-element_type=\"widget\" data-e-type=\"widget\" data-widget_type=\"toggle.default\">\n\t\t\t\t<div class=\"elementor-widget-container\">\n\t\t\t\t\t\t\t<div class=\"elementor-toggle\">\n\t\t\t\t\t\t\t<div class=\"elementor-toggle-item\">\n\t\t\t\t\t<div id=\"elementor-tab-title-2611\" class=\"elementor-tab-title\" data-tab=\"1\" role=\"button\" aria-controls=\"elementor-tab-content-2611\" aria-expanded=\"false\">\n\t\t\t\t\t\t\t\t\t\t\t\t<span class=\"elementor-toggle-icon elementor-toggle-icon-left\" aria-hidden=\"true\">\n\t\t\t\t\t\t\t\t\t\t\t\t\t\t\t<span class=\"elementor-toggle-icon-closed\"><i class=\"fas fa-chevron-down\"><\/i><\/span>\n\t\t\t\t\t\t\t\t<span class=\"elementor-toggle-icon-opened\"><i class=\"elementor-toggle-icon-opened fas fa-chevron-up\"><\/i><\/span>\n\t\t\t\t\t\t\t\t\t\t\t\t\t<\/span>\n\t\t\t\t\t\t\t\t\t\t\t\t<a class=\"elementor-toggle-title\" tabindex=\"0\">Diagn\u00f3stico de falhas mec\u00e2nicas<\/a>\n\t\t\t\t\t<\/div>\n\n\t\t\t\t\t<div id=\"elementor-tab-content-2611\" class=\"elementor-tab-content elementor-clearfix\" data-tab=\"1\" role=\"region\" aria-labelledby=\"elementor-tab-title-2611\"><p>O Ultronline proporciona o diagn\u00f3stico preciso de falhas mec\u00e2nicas ao combinar o melhor da intelig\u00eancia artificial com a an\u00e1lise de assinatura el\u00e9trica. Essa abordagem inovadora oferece uma identifica\u00e7\u00e3o precisa e antecipada de problemas.<\/p><\/div>\n\t\t\t\t<\/div>\n\t\t\t\t\t\t\t<div class=\"elementor-toggle-item\">\n\t\t\t\t\t<div id=\"elementor-tab-title-2612\" class=\"elementor-tab-title\" data-tab=\"2\" role=\"button\" aria-controls=\"elementor-tab-content-2612\" aria-expanded=\"false\">\n\t\t\t\t\t\t\t\t\t\t\t\t<span class=\"elementor-toggle-icon elementor-toggle-icon-left\" aria-hidden=\"true\">\n\t\t\t\t\t\t\t\t\t\t\t\t\t\t\t<span class=\"elementor-toggle-icon-closed\"><i class=\"fas fa-chevron-down\"><\/i><\/span>\n\t\t\t\t\t\t\t\t<span class=\"elementor-toggle-icon-opened\"><i class=\"elementor-toggle-icon-opened fas fa-chevron-up\"><\/i><\/span>\n\t\t\t\t\t\t\t\t\t\t\t\t\t<\/span>\n\t\t\t\t\t\t\t\t\t\t\t\t<a class=\"elementor-toggle-title\" tabindex=\"0\">An\u00e1lise de qualidade de energia<\/a>\n\t\t\t\t\t<\/div>\n\n\t\t\t\t\t<div id=\"elementor-tab-content-2612\" class=\"elementor-tab-content elementor-clearfix\" data-tab=\"2\" role=\"region\" aria-labelledby=\"elementor-tab-title-2612\"><p>Al\u00e9m do diagn\u00f3stico de falhas mec\u00e2nicas, o Ultronline oferece uma an\u00e1lise completa da qualidade de energia com mais de 70 par\u00e2metros monitorados, e detec\u00e7\u00e3o imediata de anomalias el\u00e9tricas, tais como desbalanceamento de fase, sobrecarga, distor\u00e7\u00f5es harm\u00f4nicas, entre outras.<\/p><\/div>\n\t\t\t\t<\/div>\n\t\t\t\t\t\t\t<div class=\"elementor-toggle-item\">\n\t\t\t\t\t<div id=\"elementor-tab-title-2613\" class=\"elementor-tab-title\" data-tab=\"3\" role=\"button\" aria-controls=\"elementor-tab-content-2613\" aria-expanded=\"false\">\n\t\t\t\t\t\t\t\t\t\t\t\t<span class=\"elementor-toggle-icon elementor-toggle-icon-left\" aria-hidden=\"true\">\n\t\t\t\t\t\t\t\t\t\t\t\t\t\t\t<span class=\"elementor-toggle-icon-closed\"><i class=\"fas fa-chevron-down\"><\/i><\/span>\n\t\t\t\t\t\t\t\t<span class=\"elementor-toggle-icon-opened\"><i class=\"elementor-toggle-icon-opened fas fa-chevron-up\"><\/i><\/span>\n\t\t\t\t\t\t\t\t\t\t\t\t\t<\/span>\n\t\t\t\t\t\t\t\t\t\t\t\t<a class=\"elementor-toggle-title\" tabindex=\"0\">Monitoramento completo de componentes cruciais<\/a>\n\t\t\t\t\t<\/div>\n\n\t\t\t\t\t<div id=\"elementor-tab-content-2613\" class=\"elementor-tab-content elementor-clearfix\" data-tab=\"3\" role=\"region\" aria-labelledby=\"elementor-tab-title-2613\"><p>Desde o motor at\u00e9 a carga, o Ultronline monitora todos os componentes essenciais, incluindo acoplamento, transmiss\u00e3o, rolamentos, entre outros. Tudo isso \u00e9 realizado com apenas um dispositivo instalado no painel el\u00e9trico.<\/p><\/div>\n\t\t\t\t<\/div>\n\t\t\t\t\t\t\t\t<\/div>\n\t\t\t\t\t\t<\/div>\n\t\t\t\t<\/div>\n\t\t\t\t<\/div>\n\t\t<div class=\"elementor-element elementor-element-de63a9a e-con-full e-flex e-con e-child\" data-id=\"de63a9a\" data-element_type=\"container\" data-e-type=\"container\">\n\t\t\t\t<div class=\"elementor-element elementor-element-e0c5161 elementor-widget elementor-widget-heading\" data-id=\"e0c5161\" data-element_type=\"widget\" data-e-type=\"widget\" data-widget_type=\"heading.default\">\n\t\t\t\t<div class=\"elementor-widget-container\">\n\t\t\t\t\t<h2 class=\"elementor-heading-title elementor-size-default\">Efici\u00eancia energ\u00e9tica<\/h2>\t\t\t\t<\/div>\n\t\t\t\t<\/div>\n\t\t\t\t<div class=\"elementor-element elementor-element-5dc83eb elementor-widget elementor-widget-text-editor\" data-id=\"5dc83eb\" data-element_type=\"widget\" data-e-type=\"widget\" data-widget_type=\"text-editor.default\">\n\t\t\t\t<div class=\"elementor-widget-container\">\n\t\t\t\t\t\t\t\t\t<p>Maximize o desempenho dos seus ativos e reduza custos de energia com o Ultronline.<\/p>\t\t\t\t\t\t\t\t<\/div>\n\t\t\t\t<\/div>\n\t\t\t\t<div class=\"elementor-element elementor-element-6ab83dd elementor-widget elementor-widget-toggle\" data-id=\"6ab83dd\" data-element_type=\"widget\" data-e-type=\"widget\" data-widget_type=\"toggle.default\">\n\t\t\t\t<div class=\"elementor-widget-container\">\n\t\t\t\t\t\t\t<div class=\"elementor-toggle\">\n\t\t\t\t\t\t\t<div class=\"elementor-toggle-item\">\n\t\t\t\t\t<div id=\"elementor-tab-title-1111\" class=\"elementor-tab-title\" data-tab=\"1\" role=\"button\" aria-controls=\"elementor-tab-content-1111\" aria-expanded=\"false\">\n\t\t\t\t\t\t\t\t\t\t\t\t<span class=\"elementor-toggle-icon elementor-toggle-icon-left\" aria-hidden=\"true\">\n\t\t\t\t\t\t\t\t\t\t\t\t\t\t\t<span class=\"elementor-toggle-icon-closed\"><i class=\"fas fa-chevron-down\"><\/i><\/span>\n\t\t\t\t\t\t\t\t<span class=\"elementor-toggle-icon-opened\"><i class=\"elementor-toggle-icon-opened fas fa-chevron-up\"><\/i><\/span>\n\t\t\t\t\t\t\t\t\t\t\t\t\t<\/span>\n\t\t\t\t\t\t\t\t\t\t\t\t<a class=\"elementor-toggle-title\" tabindex=\"0\">Otimiza\u00e7\u00e3o de consumo e desempenho<\/a>\n\t\t\t\t\t<\/div>\n\n\t\t\t\t\t<div id=\"elementor-tab-content-1111\" class=\"elementor-tab-content elementor-clearfix\" data-tab=\"1\" role=\"region\" aria-labelledby=\"elementor-tab-title-1111\"><p>Com o Ultronline, monitoramos de perto os padr\u00f5es de consumo e desempenho da sua opera\u00e7\u00e3o, impulsionando a produtividade da planta.<\/p><\/div>\n\t\t\t\t<\/div>\n\t\t\t\t\t\t\t<div class=\"elementor-toggle-item\">\n\t\t\t\t\t<div id=\"elementor-tab-title-1112\" class=\"elementor-tab-title\" data-tab=\"2\" role=\"button\" aria-controls=\"elementor-tab-content-1112\" aria-expanded=\"false\">\n\t\t\t\t\t\t\t\t\t\t\t\t<span class=\"elementor-toggle-icon elementor-toggle-icon-left\" aria-hidden=\"true\">\n\t\t\t\t\t\t\t\t\t\t\t\t\t\t\t<span class=\"elementor-toggle-icon-closed\"><i class=\"fas fa-chevron-down\"><\/i><\/span>\n\t\t\t\t\t\t\t\t<span class=\"elementor-toggle-icon-opened\"><i class=\"elementor-toggle-icon-opened fas fa-chevron-up\"><\/i><\/span>\n\t\t\t\t\t\t\t\t\t\t\t\t\t<\/span>\n\t\t\t\t\t\t\t\t\t\t\t\t<a class=\"elementor-toggle-title\" tabindex=\"0\">Economia de recursos e custos<\/a>\n\t\t\t\t\t<\/div>\n\n\t\t\t\t\t<div id=\"elementor-tab-content-1112\" class=\"elementor-tab-content elementor-clearfix\" data-tab=\"2\" role=\"region\" aria-labelledby=\"elementor-tab-title-1112\"><p>Nosso sistema permite a identifica\u00e7\u00e3o de pontos de melhoria para reduzir o uso de recursos e os custos financeiros.<\/p><\/div>\n\t\t\t\t<\/div>\n\t\t\t\t\t\t\t<div class=\"elementor-toggle-item\">\n\t\t\t\t\t<div id=\"elementor-tab-title-1113\" class=\"elementor-tab-title\" data-tab=\"3\" role=\"button\" aria-controls=\"elementor-tab-content-1113\" aria-expanded=\"false\">\n\t\t\t\t\t\t\t\t\t\t\t\t<span class=\"elementor-toggle-icon elementor-toggle-icon-left\" aria-hidden=\"true\">\n\t\t\t\t\t\t\t\t\t\t\t\t\t\t\t<span class=\"elementor-toggle-icon-closed\"><i class=\"fas fa-chevron-down\"><\/i><\/span>\n\t\t\t\t\t\t\t\t<span class=\"elementor-toggle-icon-opened\"><i class=\"elementor-toggle-icon-opened fas fa-chevron-up\"><\/i><\/span>\n\t\t\t\t\t\t\t\t\t\t\t\t\t<\/span>\n\t\t\t\t\t\t\t\t\t\t\t\t<a class=\"elementor-toggle-title\" tabindex=\"0\">Preven\u00e7\u00e3o de multas<\/a>\n\t\t\t\t\t<\/div>\n\n\t\t\t\t\t<div id=\"elementor-tab-content-1113\" class=\"elementor-tab-content elementor-clearfix\" data-tab=\"3\" role=\"region\" aria-labelledby=\"elementor-tab-title-1113\"><p>Evite penalidades por excedente de demanda contratada ou de energia reativa ao realizar o monitoramento cont\u00ednuo do consumo energ\u00e9tico das suas m\u00e1quinas, assegurando um funcionamento em conformidade.<\/p><\/div>\n\t\t\t\t<\/div>\n\t\t\t\t\t\t\t\t<\/div>\n\t\t\t\t\t\t<\/div>\n\t\t\t\t<\/div>\n\t\t\t\t<\/div>\n\t\t\t\t<\/div>\n\t\t<div class=\"elementor-element elementor-element-159345d e-con-full e-flex e-con e-parent\" data-id=\"159345d\" data-element_type=\"container\" data-e-type=\"container\" data-settings=\"{&quot;background_background&quot;:&quot;classic&quot;}\">\n\t\t<div class=\"elementor-element elementor-element-698fb7a e-con-full e-flex e-con e-child\" data-id=\"698fb7a\" data-element_type=\"container\" data-e-type=\"container\">\n\t\t\t\t<div class=\"elementor-element elementor-element-dfd0187 elementor-widget elementor-widget-image\" data-id=\"dfd0187\" data-element_type=\"widget\" data-e-type=\"widget\" data-widget_type=\"image.default\">\n\t\t\t\t<div class=\"elementor-widget-container\">\n\t\t\t\t\t\t\t\t\t\t\t\t\t\t\t<img decoding=\"async\" width=\"521\" height=\"575\" src=\"https:\/\/2neuron.com\/wp-content\/uploads\/2023\/12\/ultronline_v32_b_edit-1.png\" class=\"attachment-large size-large wp-image-377\" alt=\"\" srcset=\"https:\/\/2neuron.com\/wp-content\/uploads\/2023\/12\/ultronline_v32_b_edit-1.png 521w, https:\/\/2neuron.com\/wp-content\/uploads\/2023\/12\/ultronline_v32_b_edit-1-272x300.png 272w\" sizes=\"(max-width: 521px) 100vw, 521px\" title=\"\">\t\t\t\t\t\t\t\t\t\t\t\t\t\t\t<\/div>\n\t\t\t\t<\/div>\n\t\t\t\t<\/div>\n\t\t<div class=\"elementor-element elementor-element-c9e8bb6 e-con-full e-flex e-con e-child\" data-id=\"c9e8bb6\" data-element_type=\"container\" data-e-type=\"container\">\n\t\t\t\t<div class=\"elementor-element elementor-element-76ea6d2 elementor-widget elementor-widget-heading\" data-id=\"76ea6d2\" data-element_type=\"widget\" data-e-type=\"widget\" data-widget_type=\"heading.default\">\n\t\t\t\t<div class=\"elementor-widget-container\">\n\t\t\t\t\t<h2 class=\"elementor-heading-title elementor-size-default\">Connect to Maintenance<br> 4.0 com Ultronline.<\/h2>\t\t\t\t<\/div>\n\t\t\t\t<\/div>\n\t\t\t\t<div class=\"elementor-element elementor-element-2ec670e elementor-widget elementor-widget-spacer\" data-id=\"2ec670e\" data-element_type=\"widget\" data-e-type=\"widget\" data-widget_type=\"spacer.default\">\n\t\t\t\t<div class=\"elementor-widget-container\">\n\t\t\t\t\t\t\t<div class=\"elementor-spacer\">\n\t\t\t<div class=\"elementor-spacer-inner\"><\/div>\n\t\t<\/div>\n\t\t\t\t\t\t<\/div>\n\t\t\t\t<\/div>\n\t\t\t\t<div class=\"elementor-element elementor-element-49813b8 elementor-widget__width-initial elementor-widget elementor-widget-button\" data-id=\"49813b8\" data-element_type=\"widget\" data-e-type=\"widget\" data-widget_type=\"button.default\">\n\t\t\t\t<div class=\"elementor-widget-container\">\n\t\t\t\t\t\t\t\t\t<div class=\"elementor-button-wrapper\">\n\t\t\t\t\t<a class=\"elementor-button elementor-button-link elementor-size-sm\" href=\"https:\/\/2neuron.com\/en\/contato\/\">\n\t\t\t\t\t\t<span class=\"elementor-button-content-wrapper\">\n\t\t\t\t\t\t\t\t\t<span class=\"elementor-button-text\">request a demo!<\/span>\n\t\t\t\t\t<\/span>\n\t\t\t\t\t<\/a>\n\t\t\t\t<\/div>\n\t\t\t\t\t\t\t\t<\/div>\n\t\t\t\t<\/div>\n\t\t\t\t<\/div>\n\t\t\t\t<\/div>\n\t\t\t\t<\/div>","protected":false},"excerpt":{"rendered":"<p>Diferenciais Instala\u00e7\u00e3o no painel el\u00e9trico Com a instala\u00e7\u00e3o no painel el\u00e9trico, o Ultronline oferece uma s\u00e9rie de benef\u00edcios para sua ind\u00fastria. Confira as principais vantagens: Simplicidade na instala\u00e7\u00e3oSua opera\u00e7\u00e3o merece o melhor, sem complica\u00e7\u00f5es. Monitorar suas m\u00e1quinas diretamente do painel el\u00e9trico simplifica a instala\u00e7\u00e3o, poupando tempo e recursos preciosos. Seguran\u00e7a garantidaMantenha sua equipe segura. Monitorar [&hellip;]<\/p>","protected":false},"author":1,"featured_media":0,"parent":0,"menu_order":0,"comment_status":"closed","ping_status":"closed","template":"elementor_header_footer","meta":{"footnotes":""},"class_list":["post-33","page","type-page","status-publish","hentry"],"_links":{"self":[{"href":"https:\/\/2neuron.com\/en\/wp-json\/wp\/v2\/pages\/33","targetHints":{"allow":["GET"]}}],"collection":[{"href":"https:\/\/2neuron.com\/en\/wp-json\/wp\/v2\/pages"}],"about":[{"href":"https:\/\/2neuron.com\/en\/wp-json\/wp\/v2\/types\/page"}],"author":[{"embeddable":true,"href":"https:\/\/2neuron.com\/en\/wp-json\/wp\/v2\/users\/1"}],"replies":[{"embeddable":true,"href":"https:\/\/2neuron.com\/en\/wp-json\/wp\/v2\/comments?post=33"}],"version-history":[{"count":52,"href":"https:\/\/2neuron.com\/en\/wp-json\/wp\/v2\/pages\/33\/revisions"}],"predecessor-version":[{"id":738,"href":"https:\/\/2neuron.com\/en\/wp-json\/wp\/v2\/pages\/33\/revisions\/738"}],"wp:attachment":[{"href":"https:\/\/2neuron.com\/en\/wp-json\/wp\/v2\/media?parent=33"}],"curies":[{"name":"wp","href":"https:\/\/api.w.org\/{rel}","templated":true}]}}