{"id":478,"date":"2024-01-03T17:43:13","date_gmt":"2024-01-03T17:43:13","guid":{"rendered":"https:\/\/2neuron.com\/?page_id=478"},"modified":"2024-01-04T19:13:07","modified_gmt":"2024-01-04T19:13:07","slug":"prevencao-de-transbordamento-em-uma-estacao-elevatoria-de-esgoto-eee","status":"publish","type":"page","link":"https:\/\/2neuron.com\/en\/prevencao-de-transbordamento-em-uma-estacao-elevatoria-de-esgoto-eee\/","title":{"rendered":"Preventing overflows at a sewage pumping station (EEE)"},"content":{"rendered":"<div data-elementor-type=\"wp-page\" data-elementor-id=\"478\" class=\"elementor elementor-478\" data-elementor-post-type=\"page\">\n\t\t\t\t<div class=\"elementor-element elementor-element-38bb4d79 e-con-full e-flex e-con e-parent\" data-id=\"38bb4d79\" data-element_type=\"container\" data-e-type=\"container\" data-settings=\"{&quot;background_background&quot;:&quot;classic&quot;}\">\n\t\t\t\t<div class=\"elementor-element elementor-element-21aaaf72 elementor-widget elementor-widget-heading\" data-id=\"21aaaf72\" data-element_type=\"widget\" data-e-type=\"widget\" data-widget_type=\"heading.default\">\n\t\t\t\t<div class=\"elementor-widget-container\">\n\t\t\t\t\t<h2 class=\"elementor-heading-title elementor-size-default\">Success stories<\/h2>\t\t\t\t<\/div>\n\t\t\t\t<\/div>\n\t\t\t\t<\/div>\n\t\t<div class=\"elementor-element elementor-element-9868f49 e-con-full e-flex e-con e-parent\" data-id=\"9868f49\" data-element_type=\"container\" data-e-type=\"container\">\n\t\t\t\t<div class=\"elementor-element elementor-element-cc412a9 elementor-widget__width-initial elementor-widget-mobile__width-inherit elementor-widget elementor-widget-heading\" data-id=\"cc412a9\" data-element_type=\"widget\" data-e-type=\"widget\" data-widget_type=\"heading.default\">\n\t\t\t\t<div class=\"elementor-widget-container\">\n\t\t\t\t\t<h2 class=\"elementor-heading-title elementor-size-default\">Preventing overflows at a sewage pumping station (EEE)<\/h2>\t\t\t\t<\/div>\n\t\t\t\t<\/div>\n\t\t\t\t<div class=\"elementor-element elementor-element-274cb9c elementor-widget elementor-widget-spacer\" data-id=\"274cb9c\" data-element_type=\"widget\" data-e-type=\"widget\" data-widget_type=\"spacer.default\">\n\t\t\t\t<div class=\"elementor-widget-container\">\n\t\t\t\t\t\t\t<div class=\"elementor-spacer\">\n\t\t\t<div class=\"elementor-spacer-inner\"><\/div>\n\t\t<\/div>\n\t\t\t\t\t\t<\/div>\n\t\t\t\t<\/div>\n\t\t\t\t<div class=\"elementor-element elementor-element-bd50485 elementor-widget elementor-widget-text-editor\" data-id=\"bd50485\" data-element_type=\"widget\" data-e-type=\"widget\" data-widget_type=\"text-editor.default\">\n\t\t\t\t<div class=\"elementor-widget-container\">\n\t\t\t\t\t\t\t\t\t<p>Nesse primeiro case de sucesso, apresentamos o resultado do uso do sistema Ultronline no monitoramento de uma bomba em uma EEE do SAAE de Aracruz-ES, e como o indicador ru\u00eddo espectral foi fundamental para a identifica\u00e7\u00e3o de um corpo estranho na bomba, que poderia causar at\u00e9 mesmo um transbordamento de esgoto.<\/p><p>As EEEs s\u00e3o estruturas essenciais dentro do sistema de esgotamento sanit\u00e1rio, e t\u00eam como fun\u00e7\u00e3o o bombeamento do esgoto de \u00e1reas mais baixas para pontos mais elevados, at\u00e9 os dejetos chegarem na Esta\u00e7\u00e3o de Tratamento de Esgoto (ETE).<\/p>\t\t\t\t\t\t\t\t<\/div>\n\t\t\t\t<\/div>\n\t\t\t\t<div class=\"elementor-element elementor-element-be80e85 elementor-widget elementor-widget-spacer\" data-id=\"be80e85\" data-element_type=\"widget\" data-e-type=\"widget\" data-widget_type=\"spacer.default\">\n\t\t\t\t<div class=\"elementor-widget-container\">\n\t\t\t\t\t\t\t<div class=\"elementor-spacer\">\n\t\t\t<div class=\"elementor-spacer-inner\"><\/div>\n\t\t<\/div>\n\t\t\t\t\t\t<\/div>\n\t\t\t\t<\/div>\n\t\t\t\t<div class=\"elementor-element elementor-element-b8a82c6 elementor-widget elementor-widget-image\" data-id=\"b8a82c6\" data-element_type=\"widget\" data-e-type=\"widget\" data-widget_type=\"image.default\">\n\t\t\t\t<div class=\"elementor-widget-container\">\n\t\t\t\t\t\t\t\t\t\t\t\t\t\t\t\t<a href=\"https:\/\/2neuron.com\/wp-content\/uploads\/2024\/01\/Figura_case_1.png\" data-elementor-open-lightbox=\"yes\" data-e-action-hash=\"#elementor-action%3Aaction%3Dlightbox%26settings%3DeyJpZCI6NDUzLCJ1cmwiOiJodHRwczpcL1wvMm5ldXJvbi5jb21cL3dwLWNvbnRlbnRcL3VwbG9hZHNcLzIwMjRcLzAxXC9GaWd1cmFfY2FzZV8xLnBuZyJ9\">\n\t\t\t\t\t\t\t<img fetchpriority=\"high\" decoding=\"async\" width=\"800\" height=\"384\" src=\"https:\/\/2neuron.com\/wp-content\/uploads\/2024\/01\/Figura_case_1-1024x491.png\" class=\"attachment-large size-large wp-image-453\" alt=\"\" srcset=\"https:\/\/2neuron.com\/wp-content\/uploads\/2024\/01\/Figura_case_1-1024x491.png 1024w, https:\/\/2neuron.com\/wp-content\/uploads\/2024\/01\/Figura_case_1-300x144.png 300w, https:\/\/2neuron.com\/wp-content\/uploads\/2024\/01\/Figura_case_1-768x368.png 768w, https:\/\/2neuron.com\/wp-content\/uploads\/2024\/01\/Figura_case_1-1536x737.png 1536w, https:\/\/2neuron.com\/wp-content\/uploads\/2024\/01\/Figura_case_1.png 1854w\" sizes=\"(max-width: 800px) 100vw, 800px\" title=\"\">\t\t\t\t\t\t\t\t<\/a>\n\t\t\t\t\t\t\t\t\t\t\t\t\t\t\t<\/div>\n\t\t\t\t<\/div>\n\t\t\t\t<\/div>\n\t\t<div class=\"elementor-element elementor-element-a93b939 e-con-full e-flex e-con e-parent\" data-id=\"a93b939\" data-element_type=\"container\" data-e-type=\"container\">\n\t\t<div class=\"elementor-element elementor-element-ede7ee8 e-con-full e-flex e-con e-child\" data-id=\"ede7ee8\" data-element_type=\"container\" data-e-type=\"container\">\n\t\t\t\t<div class=\"elementor-element elementor-element-78ebaab elementor-widget elementor-widget-text-editor\" data-id=\"78ebaab\" data-element_type=\"widget\" data-e-type=\"widget\" data-widget_type=\"text-editor.default\">\n\t\t\t\t<div class=\"elementor-widget-container\">\n\t\t\t\t\t\t\t\t\t<p><strong>Problema<\/strong><\/p><p>O descarte inadequado de objetos s\u00f3lidos nos esgotos dom\u00e9sticos pode causar bloqueios nas bombas ou nas linhas de suc\u00e7\u00e3o das EEEs, e ocasionar transtornos como transbordamento de esgoto e danos cr\u00edticos \u00e0s m\u00e1quinas. Muitas vezes, \u00e9 necess\u00e1rio realizar in\u00fameras visitas ao longo do ano \u00e0s EEEs para realizar manuten\u00e7\u00e3o preventiva ou corretiva de poss\u00edveis entupimentos, o que gera alt\u00edssimo custo de pessoal e de transporte.<\/p><p><strong>Solu\u00e7\u00e3o<\/strong><\/p><p>O indicador ru\u00eddo espectral do sistema Ultronline \u00e9 obtido a partir da an\u00e1lise de par\u00e2metros de energia no dom\u00ednio da frequ\u00eancia e tem forte rela\u00e7\u00e3o com dist\u00farbios relacionados \u00e0 vibra\u00e7\u00e3o mec\u00e2nica da m\u00e1quina.<\/p>\t\t\t\t\t\t\t\t<\/div>\n\t\t\t\t<\/div>\n\t\t\t\t<\/div>\n\t\t<div class=\"elementor-element elementor-element-36deb2e e-con-full e-flex e-con e-child\" data-id=\"36deb2e\" data-element_type=\"container\" data-e-type=\"container\">\n\t\t\t\t<div class=\"elementor-element elementor-element-153a7ef elementor-widget elementor-widget-text-editor\" data-id=\"153a7ef\" data-element_type=\"widget\" data-e-type=\"widget\" data-widget_type=\"text-editor.default\">\n\t\t\t\t<div class=\"elementor-widget-container\">\n\t\t\t\t\t\t\t\t\t<p><strong>Caso de estudo<\/strong><\/p><p>Ao monitorar a bomba da EEE, o Ultronline identificou um aumento no n\u00edvel de ru\u00eddo espectral, que excedia o limite de alerta predefinido pelo sistema inteligente. De imediato, nossa solu\u00e7\u00e3o acionou automaticamente a equipe de manuten\u00e7\u00e3o do cliente, garantindo uma resposta \u00e1gil e eficaz para lidar com a situa\u00e7\u00e3o.<\/p><p>No dia seguinte, a equipe de inspe\u00e7\u00e3o do cliente realizou uma visita \u00e0 EEE e, durante a inspe\u00e7\u00e3o, identificou a presen\u00e7a de um objeto estranho no impelidor da bomba. O processo foi interrompido por um breve per\u00edodo para remo\u00e7\u00e3o do objeto, sem prejudicar a opera\u00e7\u00e3o. Logo em seguida, o sistema foi rapidamente restabelecido em condi\u00e7\u00f5es normais de opera\u00e7\u00e3o.<\/p>\t\t\t\t\t\t\t\t<\/div>\n\t\t\t\t<\/div>\n\t\t\t\t<\/div>\n\t\t\t\t<\/div>\n\t\t<div class=\"elementor-element elementor-element-a02ec76 e-con-full e-flex e-con e-parent\" data-id=\"a02ec76\" data-element_type=\"container\" data-e-type=\"container\">\n\t\t\t\t<div class=\"elementor-element elementor-element-3efa2e8 elementor-widget-divider--view-line elementor-widget elementor-widget-divider\" data-id=\"3efa2e8\" data-element_type=\"widget\" data-e-type=\"widget\" data-widget_type=\"divider.default\">\n\t\t\t\t<div class=\"elementor-widget-container\">\n\t\t\t\t\t\t\t<div class=\"elementor-divider\">\n\t\t\t<span class=\"elementor-divider-separator\">\n\t\t\t\t\t\t<\/span>\n\t\t<\/div>\n\t\t\t\t\t\t<\/div>\n\t\t\t\t<\/div>\n\t\t\t\t<div class=\"elementor-element elementor-element-a8a35ea elementor-widget elementor-widget-text-editor\" data-id=\"a8a35ea\" data-element_type=\"widget\" data-e-type=\"widget\" data-widget_type=\"text-editor.default\">\n\t\t\t\t<div class=\"elementor-widget-container\">\n\t\t\t\t\t\t\t\t\t<p><strong>Conclus\u00f5es<\/strong><\/p><p>Por meio do indicador ru\u00eddo espectral, o Ultronline detectou a presen\u00e7a de um corpo estranho na bomba antes que um dano maior fosse causado, e assim evitou uma parada n\u00e3o programada da m\u00e1quina e grandes preju\u00edzos financeiros devido \u00e0 necessidade de manuten\u00e7\u00e3o corretiva emergencial. Al\u00e9m disso, a interrup\u00e7\u00e3o da opera\u00e7\u00e3o da EEE poderia resultar em transbordamento do esgoto, gerando transtornos significativos para a popula\u00e7\u00e3o e para o meio ambiente.<\/p>\t\t\t\t\t\t\t\t<\/div>\n\t\t\t\t<\/div>\n\t\t\t\t<div class=\"elementor-element elementor-element-bd55a2f elementor-widget__width-initial elementor-widget elementor-widget-testimonial\" data-id=\"bd55a2f\" data-element_type=\"widget\" data-e-type=\"widget\" data-widget_type=\"testimonial.default\">\n\t\t\t\t<div class=\"elementor-widget-container\">\n\t\t\t\t\t\t\t<div class=\"elementor-testimonial-wrapper\">\n\t\t\t\t\t\t\t<div class=\"elementor-testimonial-content\">\u201cOs primeiros meses de uso do Ultronline nas EEEs j\u00e1 indicam uma redu\u00e7\u00e3o da necessidade de inspe\u00e7\u00f5es peri\u00f3dicas das bombas, o que n\u00e3o apenas aprimora o desempenho e a efici\u00eancia, mas tamb\u00e9m contribui significativamente para a mitiga\u00e7\u00e3o de incidentes de transbordamento. Esse impacto positivo, por sua vez, se traduz em uma diminui\u00e7\u00e3o dos custos operacionais, garantindo que as atividades do SAAE continuem a fomentar servi\u00e7os de excel\u00eancia para a cidade de Aracruz\u201d.<\/div>\n\t\t\t\n\t\t\t\t\t\t<div class=\"elementor-testimonial-meta\">\n\t\t\t\t<div class=\"elementor-testimonial-meta-inner\">\n\t\t\t\t\t\n\t\t\t\t\t\t\t\t\t\t<div class=\"elementor-testimonial-details\">\n\t\t\t\t\t\t\t\t\t\t\t\t\t\t<div class=\"elementor-testimonial-name\">Amadeu Wetler<\/div>\n\t\t\t\t\t\t\t\t\t\t\t\t\t\t\t\t\t\t\t\t\t\t<div class=\"elementor-testimonial-job\">Diretor geral do SAAE de Aracruz-ES<\/div>\n\t\t\t\t\t\t\t\t\t\t\t\t\t<\/div>\n\t\t\t\t\t\t\t\t\t<\/div>\n\t\t\t<\/div>\n\t\t\t\t\t<\/div>\n\t\t\t\t\t\t<\/div>\n\t\t\t\t<\/div>\n\t\t\t\t<div class=\"elementor-element elementor-element-9f28179 elementor-widget elementor-widget-spacer\" data-id=\"9f28179\" data-element_type=\"widget\" data-e-type=\"widget\" data-widget_type=\"spacer.default\">\n\t\t\t\t<div class=\"elementor-widget-container\">\n\t\t\t\t\t\t\t<div class=\"elementor-spacer\">\n\t\t\t<div class=\"elementor-spacer-inner\"><\/div>\n\t\t<\/div>\n\t\t\t\t\t\t<\/div>\n\t\t\t\t<\/div>\n\t\t\t\t<\/div>\n\t\t\t\t<\/div>","protected":false},"excerpt":{"rendered":"<p>Cases de sucesso Preven\u00e7\u00e3o de transbordamento em uma esta\u00e7\u00e3o elevat\u00f3ria de esgoto (EEE) Nesse primeiro case de sucesso, apresentamos o resultado do uso do sistema Ultronline no monitoramento de uma bomba em uma EEE do SAAE de Aracruz-ES, e como o indicador ru\u00eddo espectral foi fundamental para a identifica\u00e7\u00e3o de um corpo estranho na bomba, [&hellip;]<\/p>","protected":false},"author":1,"featured_media":0,"parent":0,"menu_order":0,"comment_status":"closed","ping_status":"closed","template":"elementor_header_footer","meta":{"footnotes":""},"class_list":["post-478","page","type-page","status-publish","hentry"],"_links":{"self":[{"href":"https:\/\/2neuron.com\/en\/wp-json\/wp\/v2\/pages\/478","targetHints":{"allow":["GET"]}}],"collection":[{"href":"https:\/\/2neuron.com\/en\/wp-json\/wp\/v2\/pages"}],"about":[{"href":"https:\/\/2neuron.com\/en\/wp-json\/wp\/v2\/types\/page"}],"author":[{"embeddable":true,"href":"https:\/\/2neuron.com\/en\/wp-json\/wp\/v2\/users\/1"}],"replies":[{"embeddable":true,"href":"https:\/\/2neuron.com\/en\/wp-json\/wp\/v2\/comments?post=478"}],"version-history":[{"count":22,"href":"https:\/\/2neuron.com\/en\/wp-json\/wp\/v2\/pages\/478\/revisions"}],"predecessor-version":[{"id":565,"href":"https:\/\/2neuron.com\/en\/wp-json\/wp\/v2\/pages\/478\/revisions\/565"}],"wp:attachment":[{"href":"https:\/\/2neuron.com\/en\/wp-json\/wp\/v2\/media?parent=478"}],"curies":[{"name":"wp","href":"https:\/\/api.w.org\/{rel}","templated":true}]}}