{"id":504,"date":"2024-01-03T18:03:51","date_gmt":"2024-01-03T18:03:51","guid":{"rendered":"https:\/\/2neuron.com\/?page_id=504"},"modified":"2024-01-04T19:15:16","modified_gmt":"2024-01-04T19:15:16","slug":"como-evitamos-danos-criticos-a-uma-bomba-ao-detectar-falha-no-processo-de-escorva-automatica","status":"publish","type":"page","link":"https:\/\/2neuron.com\/en\/como-evitamos-danos-criticos-a-uma-bomba-ao-detectar-falha-no-processo-de-escorva-automatica\/","title":{"rendered":"How we prevent critical damage to a pump by detecting a fault in the automatic priming process"},"content":{"rendered":"<div data-elementor-type=\"wp-page\" data-elementor-id=\"504\" class=\"elementor elementor-504\" data-elementor-post-type=\"page\">\n\t\t\t\t<div class=\"elementor-element elementor-element-7e11cafa e-con-full e-flex e-con e-parent\" data-id=\"7e11cafa\" data-element_type=\"container\" data-e-type=\"container\" data-settings=\"{&quot;background_background&quot;:&quot;classic&quot;}\">\n\t\t\t\t<div class=\"elementor-element elementor-element-55c066c2 elementor-widget elementor-widget-heading\" data-id=\"55c066c2\" data-element_type=\"widget\" data-e-type=\"widget\" data-widget_type=\"heading.default\">\n\t\t\t\t<div class=\"elementor-widget-container\">\n\t\t\t\t\t<h2 class=\"elementor-heading-title elementor-size-default\">Success stories<\/h2>\t\t\t\t<\/div>\n\t\t\t\t<\/div>\n\t\t\t\t<\/div>\n\t\t<div class=\"elementor-element elementor-element-6b69a6af e-con-full e-flex e-con e-parent\" data-id=\"6b69a6af\" data-element_type=\"container\" data-e-type=\"container\">\n\t\t\t\t<div class=\"elementor-element elementor-element-8b517a8 elementor-widget__width-initial elementor-widget-mobile__width-inherit elementor-widget elementor-widget-heading\" data-id=\"8b517a8\" data-element_type=\"widget\" data-e-type=\"widget\" data-widget_type=\"heading.default\">\n\t\t\t\t<div class=\"elementor-widget-container\">\n\t\t\t\t\t<h2 class=\"elementor-heading-title elementor-size-default\">How we prevent critical damage to a pump by detecting a fault in the automatic priming process<\/h2>\t\t\t\t<\/div>\n\t\t\t\t<\/div>\n\t\t\t\t<div class=\"elementor-element elementor-element-2202d2eb elementor-widget elementor-widget-spacer\" data-id=\"2202d2eb\" data-element_type=\"widget\" data-e-type=\"widget\" data-widget_type=\"spacer.default\">\n\t\t\t\t<div class=\"elementor-widget-container\">\n\t\t\t\t\t\t\t<div class=\"elementor-spacer\">\n\t\t\t<div class=\"elementor-spacer-inner\"><\/div>\n\t\t<\/div>\n\t\t\t\t\t\t<\/div>\n\t\t\t\t<\/div>\n\t\t\t\t<div class=\"elementor-element elementor-element-6a344f04 elementor-widget elementor-widget-text-editor\" data-id=\"6a344f04\" data-element_type=\"widget\" data-e-type=\"widget\" data-widget_type=\"text-editor.default\">\n\t\t\t\t<div class=\"elementor-widget-container\">\n\t\t\t\t\t\t\t\t\t<p>Nosso segundo caso de estudo no SAAE de Aracruz-ES apresenta o indicador de falha no processo de escorva de uma bomba autoescorvante. Tais bombas s\u00e3o amplamente utilizadas em instala\u00e7\u00f5es de coleta, tratamento e distribui\u00e7\u00e3o de \u00e1gua e esgoto, al\u00e9m de ind\u00fastrias como sider\u00fargicas, usinas el\u00e9tricas, entre outras, e uma das principais vantagens \u00e9 a instala\u00e7\u00e3o acima do n\u00edvel do fluido, em local mais conveniente para inspe\u00e7\u00e3o e manuten\u00e7\u00e3o.<\/p>\t\t\t\t\t\t\t\t<\/div>\n\t\t\t\t<\/div>\n\t\t\t\t<div class=\"elementor-element elementor-element-32d87151 elementor-widget elementor-widget-spacer\" data-id=\"32d87151\" data-element_type=\"widget\" data-e-type=\"widget\" data-widget_type=\"spacer.default\">\n\t\t\t\t<div class=\"elementor-widget-container\">\n\t\t\t\t\t\t\t<div class=\"elementor-spacer\">\n\t\t\t<div class=\"elementor-spacer-inner\"><\/div>\n\t\t<\/div>\n\t\t\t\t\t\t<\/div>\n\t\t\t\t<\/div>\n\t\t\t\t<div class=\"elementor-element elementor-element-2cfc09b elementor-widget elementor-widget-image\" data-id=\"2cfc09b\" data-element_type=\"widget\" data-e-type=\"widget\" data-widget_type=\"image.default\">\n\t\t\t\t<div class=\"elementor-widget-container\">\n\t\t\t\t\t\t\t\t\t\t\t\t\t\t\t\t<a href=\"https:\/\/2neuron.com\/wp-content\/uploads\/2024\/01\/Figura_case_2.png\" data-elementor-open-lightbox=\"yes\" data-e-action-hash=\"#elementor-action%3Aaction%3Dlightbox%26settings%3DeyJpZCI6NDU4LCJ1cmwiOiJodHRwczpcL1wvMm5ldXJvbi5jb21cL3dwLWNvbnRlbnRcL3VwbG9hZHNcLzIwMjRcLzAxXC9GaWd1cmFfY2FzZV8yLnBuZyJ9\">\n\t\t\t\t\t\t\t<img fetchpriority=\"high\" decoding=\"async\" width=\"800\" height=\"320\" src=\"https:\/\/2neuron.com\/wp-content\/uploads\/2024\/01\/Figura_case_2-1024x410.png\" class=\"attachment-large size-large wp-image-458\" alt=\"\" srcset=\"https:\/\/2neuron.com\/wp-content\/uploads\/2024\/01\/Figura_case_2-1024x410.png 1024w, https:\/\/2neuron.com\/wp-content\/uploads\/2024\/01\/Figura_case_2-300x120.png 300w, https:\/\/2neuron.com\/wp-content\/uploads\/2024\/01\/Figura_case_2-768x307.png 768w, https:\/\/2neuron.com\/wp-content\/uploads\/2024\/01\/Figura_case_2-1536x614.png 1536w, https:\/\/2neuron.com\/wp-content\/uploads\/2024\/01\/Figura_case_2-2048x819.png 2048w\" sizes=\"(max-width: 800px) 100vw, 800px\" title=\"\">\t\t\t\t\t\t\t\t<\/a>\n\t\t\t\t\t\t\t\t\t\t\t\t\t\t\t<\/div>\n\t\t\t\t<\/div>\n\t\t\t\t<\/div>\n\t\t<div class=\"elementor-element elementor-element-3111807f e-con-full e-flex e-con e-parent\" data-id=\"3111807f\" data-element_type=\"container\" data-e-type=\"container\">\n\t\t<div class=\"elementor-element elementor-element-2e9d937b e-con-full e-flex e-con e-child\" data-id=\"2e9d937b\" data-element_type=\"container\" data-e-type=\"container\">\n\t\t\t\t<div class=\"elementor-element elementor-element-1a623ac8 elementor-widget elementor-widget-text-editor\" data-id=\"1a623ac8\" data-element_type=\"widget\" data-e-type=\"widget\" data-widget_type=\"text-editor.default\">\n\t\t\t\t<div class=\"elementor-widget-container\">\n\t\t\t\t\t\t\t\t\t<p><strong>Problema<\/strong><\/p><p>As bombas autoescorvantes operam por meio da recircula\u00e7\u00e3o do fluido dentro do corpo da bomba, expulsando o ar presente na linha de suc\u00e7\u00e3o e criando um v\u00e1cuo, at\u00e9 que o fluido entre no impulsor da bomba pela a\u00e7\u00e3o da press\u00e3o atmosf\u00e9rica. Para garantir que o processo de escorva funcione de maneira eficiente, \u00e9 fundamental inspecionar a bomba e a linha de suc\u00e7\u00e3o periodicamente. Caso contr\u00e1rio, falhas importantes podem surgir, como vazamento de ar e bloqueios na linha de suc\u00e7\u00e3o, afetando a capacidade de escorva e, consequentemente, causando danos ao selo mec\u00e2nico e a outras partes da m\u00e1quina devido \u00e0 opera\u00e7\u00e3o a seco.<\/p><p><strong>Solu\u00e7\u00e3o<\/strong><\/p><p>O sistema Ultronline dispensa a necessidade de inspe\u00e7\u00e3o frequente, pois \u00e9 capaz de detectar falha no processo de escorva em tempo real a partir dos par\u00e2metros de energia coletados da m\u00e1quina, oferecendo ao cliente a possiblidade de agir de forma proativa e evitar danos significativos ao ativo.<\/p>\t\t\t\t\t\t\t\t<\/div>\n\t\t\t\t<\/div>\n\t\t\t\t<\/div>\n\t\t<div class=\"elementor-element elementor-element-5e9383b6 e-con-full e-flex e-con e-child\" data-id=\"5e9383b6\" data-element_type=\"container\" data-e-type=\"container\">\n\t\t\t\t<div class=\"elementor-element elementor-element-723bdc92 elementor-widget elementor-widget-text-editor\" data-id=\"723bdc92\" data-element_type=\"widget\" data-e-type=\"widget\" data-widget_type=\"text-editor.default\">\n\t\t\t\t<div class=\"elementor-widget-container\">\n\t\t\t\t\t\t\t\t\t<p><strong>Caso de estudo<\/strong><\/p><p>Em uma EEE do SAAE de Aracruz-ES, a \u00fanica bomba operacional da esta\u00e7\u00e3o passou a apresentar diversas falhas no processo de escorva autom\u00e1tica por dias seguidos, colocando em risco at\u00e9 mesmo a opera\u00e7\u00e3o da EEE, que poderia colapsar, resultando em transbordamento do esgoto.<\/p><p>O gr\u00e1fico da figura ao lado mostra como o indicador de falha na escorva do sistema Ultronline detectou esses eventos e o n\u00edvel de criticidade, conforme o tempo em que a bomba permaneceu nessa condi\u00e7\u00e3o. O cliente automaticamente recebeu os alertas do sistema, e p\u00f4de se planejar para atuar no equipamento no momento mais oportuno, sem prejudicar a opera\u00e7\u00e3o.<\/p><p>Durante a manuten\u00e7\u00e3o planejada, a equipe de manuten\u00e7\u00e3o do SAAE observou a necessidade de instala\u00e7\u00e3o de uma v\u00e1lvula Flap para facilitar o processo de escorva. Ap\u00f3s a a\u00e7\u00e3o corretiva, a bomba passou a operar normalmente.<\/p>\t\t\t\t\t\t\t\t<\/div>\n\t\t\t\t<\/div>\n\t\t\t\t<\/div>\n\t\t\t\t<\/div>\n\t\t<div class=\"elementor-element elementor-element-4b31ca86 e-con-full e-flex e-con e-parent\" data-id=\"4b31ca86\" data-element_type=\"container\" data-e-type=\"container\">\n\t\t\t\t<div class=\"elementor-element elementor-element-21a279c elementor-widget-divider--view-line elementor-widget elementor-widget-divider\" data-id=\"21a279c\" data-element_type=\"widget\" data-e-type=\"widget\" data-widget_type=\"divider.default\">\n\t\t\t\t<div class=\"elementor-widget-container\">\n\t\t\t\t\t\t\t<div class=\"elementor-divider\">\n\t\t\t<span class=\"elementor-divider-separator\">\n\t\t\t\t\t\t<\/span>\n\t\t<\/div>\n\t\t\t\t\t\t<\/div>\n\t\t\t\t<\/div>\n\t\t\t\t<div class=\"elementor-element elementor-element-cda17b elementor-widget elementor-widget-text-editor\" data-id=\"cda17b\" data-element_type=\"widget\" data-e-type=\"widget\" data-widget_type=\"text-editor.default\">\n\t\t\t\t<div class=\"elementor-widget-container\">\n\t\t\t\t\t\t\t\t\t<p><strong>Conclus\u00f5es<\/strong><\/p><p>A persistente dificuldade no processo de escorva autom\u00e1tica ao longo do tempo poderia ter causado danos severos \u00e0 \u00fanica bomba funcional da EEE, levando a uma parada n\u00e3o programada da opera\u00e7\u00e3o. A atua\u00e7\u00e3o do sistema Ultronline evitou uma falha cr\u00edtica da bomba e uma manuten\u00e7\u00e3o corretiva emergencial de alto custo, al\u00e9m de prevenir um poss\u00edvel transbordamento de esgoto para vias p\u00fablicas, causando transtornos sociais e ambientais.<\/p>\t\t\t\t\t\t\t\t<\/div>\n\t\t\t\t<\/div>\n\t\t\t\t<div class=\"elementor-element elementor-element-cdaa15c elementor-widget__width-initial elementor-widget elementor-widget-testimonial\" data-id=\"cdaa15c\" data-element_type=\"widget\" data-e-type=\"widget\" data-widget_type=\"testimonial.default\">\n\t\t\t\t<div class=\"elementor-widget-container\">\n\t\t\t\t\t\t\t<div class=\"elementor-testimonial-wrapper\">\n\t\t\t\t\t\t\t<div class=\"elementor-testimonial-content\">\u201cO Ultronline foi a primeira ferramenta que vi utilizar Intelig\u00eancia Artificial focada no monitoramento dos ativos de uma esta\u00e7\u00e3o elevat\u00f3ria de esgoto (EEE) com foco nas bombas submers\u00edveis. E a 2Neuron, por meio desta ferramenta, conseguiu gerar resultados positivos aqui no SAAE de Aracruz-ES. At\u00e9 hoje nunca tinha visto uma tecnologia capaz de detectar uma falha no rolamento ou entupimento de uma bomba submers\u00edvel totalmente imersa no esgoto.\u201d<\/div>\n\t\t\t\n\t\t\t\t\t\t<div class=\"elementor-testimonial-meta\">\n\t\t\t\t<div class=\"elementor-testimonial-meta-inner\">\n\t\t\t\t\t\n\t\t\t\t\t\t\t\t\t\t<div class=\"elementor-testimonial-details\">\n\t\t\t\t\t\t\t\t\t\t\t\t\t\t<div class=\"elementor-testimonial-name\">Josemar Reis<\/div>\n\t\t\t\t\t\t\t\t\t\t\t\t\t\t\t\t\t\t\t\t\t\t<div class=\"elementor-testimonial-job\">Gerente da Manuten\u00e7\u00e3o Eletromec\u00e2nica do SAAE de Aracruz-ES<\/div>\n\t\t\t\t\t\t\t\t\t\t\t\t\t<\/div>\n\t\t\t\t\t\t\t\t\t<\/div>\n\t\t\t<\/div>\n\t\t\t\t\t<\/div>\n\t\t\t\t\t\t<\/div>\n\t\t\t\t<\/div>\n\t\t\t\t<div class=\"elementor-element elementor-element-41ff03d4 elementor-widget elementor-widget-spacer\" data-id=\"41ff03d4\" data-element_type=\"widget\" data-e-type=\"widget\" data-widget_type=\"spacer.default\">\n\t\t\t\t<div class=\"elementor-widget-container\">\n\t\t\t\t\t\t\t<div class=\"elementor-spacer\">\n\t\t\t<div class=\"elementor-spacer-inner\"><\/div>\n\t\t<\/div>\n\t\t\t\t\t\t<\/div>\n\t\t\t\t<\/div>\n\t\t\t\t<\/div>\n\t\t\t\t<\/div>","protected":false},"excerpt":{"rendered":"<p>Cases de sucesso Como evitamos danos cr\u00edticos a uma bomba ao detectar falha no processo de escorva autom\u00e1tica Nosso segundo caso de estudo no SAAE de Aracruz-ES apresenta o indicador de falha no processo de escorva de uma bomba autoescorvante. Tais bombas s\u00e3o amplamente utilizadas em instala\u00e7\u00f5es de coleta, tratamento e distribui\u00e7\u00e3o de \u00e1gua e [&hellip;]<\/p>","protected":false},"author":1,"featured_media":0,"parent":0,"menu_order":0,"comment_status":"closed","ping_status":"closed","template":"elementor_header_footer","meta":{"footnotes":""},"class_list":["post-504","page","type-page","status-publish","hentry"],"_links":{"self":[{"href":"https:\/\/2neuron.com\/en\/wp-json\/wp\/v2\/pages\/504","targetHints":{"allow":["GET"]}}],"collection":[{"href":"https:\/\/2neuron.com\/en\/wp-json\/wp\/v2\/pages"}],"about":[{"href":"https:\/\/2neuron.com\/en\/wp-json\/wp\/v2\/types\/page"}],"author":[{"embeddable":true,"href":"https:\/\/2neuron.com\/en\/wp-json\/wp\/v2\/users\/1"}],"replies":[{"embeddable":true,"href":"https:\/\/2neuron.com\/en\/wp-json\/wp\/v2\/comments?post=504"}],"version-history":[{"count":7,"href":"https:\/\/2neuron.com\/en\/wp-json\/wp\/v2\/pages\/504\/revisions"}],"predecessor-version":[{"id":568,"href":"https:\/\/2neuron.com\/en\/wp-json\/wp\/v2\/pages\/504\/revisions\/568"}],"wp:attachment":[{"href":"https:\/\/2neuron.com\/en\/wp-json\/wp\/v2\/media?parent=504"}],"curies":[{"name":"wp","href":"https:\/\/api.w.org\/{rel}","templated":true}]}}