{"id":741,"date":"2025-01-17T14:28:08","date_gmt":"2025-01-17T14:28:08","guid":{"rendered":"https:\/\/2neuron.com\/?page_id=741"},"modified":"2025-01-25T01:50:04","modified_gmt":"2025-01-25T01:50:04","slug":"como-o-ultronline-detectou-falha-no-rolamento-de-uma-bomba-de-transferencia-de-cavaco-sem-instalar-sensores-no-equipamento","status":"publish","type":"page","link":"https:\/\/2neuron.com\/en\/como-o-ultronline-detectou-falha-no-rolamento-de-uma-bomba-de-transferencia-de-cavaco-sem-instalar-sensores-no-equipamento\/","title":{"rendered":"Como o Ultronline detectou falha no rolamento de uma bomba de transfer\u00eancia de cavaco, sem instalar sensores no equipamento."},"content":{"rendered":"<div data-elementor-type=\"wp-page\" data-elementor-id=\"741\" class=\"elementor elementor-741\" data-elementor-post-type=\"page\">\n\t\t\t\t<div class=\"elementor-element elementor-element-b8e9db7 e-con-full e-flex e-con e-parent\" data-id=\"b8e9db7\" data-element_type=\"container\" data-e-type=\"container\" data-settings=\"{&quot;background_background&quot;:&quot;classic&quot;}\">\n\t\t\t\t<div class=\"elementor-element elementor-element-1ffd8d3 elementor-widget elementor-widget-heading\" data-id=\"1ffd8d3\" data-element_type=\"widget\" data-e-type=\"widget\" data-widget_type=\"heading.default\">\n\t\t\t\t<div class=\"elementor-widget-container\">\n\t\t\t\t\t<h2 class=\"elementor-heading-title elementor-size-default\">Success stories<\/h2>\t\t\t\t<\/div>\n\t\t\t\t<\/div>\n\t\t\t\t<\/div>\n\t\t<div class=\"elementor-element elementor-element-331c6c4 e-con-full e-flex e-con e-parent\" data-id=\"331c6c4\" data-element_type=\"container\" data-e-type=\"container\">\n\t\t\t\t<div class=\"elementor-element elementor-element-fbf9bf8 elementor-widget__width-initial elementor-widget-mobile__width-inherit elementor-widget elementor-widget-heading\" data-id=\"fbf9bf8\" data-element_type=\"widget\" data-e-type=\"widget\" data-widget_type=\"heading.default\">\n\t\t\t\t<div class=\"elementor-widget-container\">\n\t\t\t\t\t<h5 class=\"elementor-heading-title elementor-size-default\">Detec\u00e7\u00e3o de falha no rolamento de uma bomba de transfer\u00eancia de cavaco da Placas do Brasil, sem instalar sensores no equipamento<\/h5>\t\t\t\t<\/div>\n\t\t\t\t<\/div>\n\t\t\t\t<div class=\"elementor-element elementor-element-8b3036c elementor-widget elementor-widget-text-editor\" data-id=\"8b3036c\" data-element_type=\"widget\" data-e-type=\"widget\" data-widget_type=\"text-editor.default\">\n\t\t\t\t<div class=\"elementor-widget-container\">\n\t\t\t\t\t\t\t\t\t<p>Descubra neste case de sucesso como o Ultronline detectou falha em rolamento antes dos tradicionais sensores de vibra\u00e7\u00e3o e temperatura.<\/p>\t\t\t\t\t\t\t\t<\/div>\n\t\t\t\t<\/div>\n\t\t<div class=\"elementor-element elementor-element-e4ada34 e-grid e-con-boxed e-con e-child\" data-id=\"e4ada34\" data-element_type=\"container\" data-e-type=\"container\">\n\t\t\t\t\t<div class=\"e-con-inner\">\n\t\t\t\t<div class=\"elementor-element elementor-element-7b70b15 elementor-widget elementor-widget-icon-box\" data-id=\"7b70b15\" data-element_type=\"widget\" data-e-type=\"widget\" data-widget_type=\"icon-box.default\">\n\t\t\t\t<div class=\"elementor-widget-container\">\n\t\t\t\t\t\t\t<div class=\"elementor-icon-box-wrapper\">\n\n\t\t\t\n\t\t\t\t\t\t<div class=\"elementor-icon-box-content\">\n\n\t\t\t\t\t\t\t\t\t<h3 class=\"elementor-icon-box-title\">\n\t\t\t\t\t\t<span  >\n\t\t\t\t\t\t\tR$ 150 mil\t\t\t\t\t\t<\/span>\n\t\t\t\t\t<\/h3>\n\t\t\t\t\n\t\t\t\t\t\t\t\t\t<p class=\"elementor-icon-box-description\">\n\t\t\t\t\t\tECONOMIZADOS PELO INSIGHT GERADO\n\t\t\t\t\t<\/p>\n\t\t\t\t\n\t\t\t<\/div>\n\t\t\t\n\t\t<\/div>\n\t\t\t\t\t\t<\/div>\n\t\t\t\t<\/div>\n\t\t\t\t<div class=\"elementor-element elementor-element-f8b7fd8 elementor-widget elementor-widget-icon-box\" data-id=\"f8b7fd8\" data-element_type=\"widget\" data-e-type=\"widget\" data-widget_type=\"icon-box.default\">\n\t\t\t\t<div class=\"elementor-widget-container\">\n\t\t\t\t\t\t\t<div class=\"elementor-icon-box-wrapper\">\n\n\t\t\t\n\t\t\t\t\t\t<div class=\"elementor-icon-box-content\">\n\n\t\t\t\t\t\t\t\t\t<h3 class=\"elementor-icon-box-title\">\n\t\t\t\t\t\t<span  >\n\t\t\t\t\t\t\tROI 62x\t\t\t\t\t\t<\/span>\n\t\t\t\t\t<\/h3>\n\t\t\t\t\n\t\t\t\t\t\t\t\t\t<p class=\"elementor-icon-box-description\">\n\t\t\t\t\t\tEM 8 MESES DE USO DA TECNOLOGIA\t\t\t\t\t<\/p>\n\t\t\t\t\n\t\t\t<\/div>\n\t\t\t\n\t\t<\/div>\n\t\t\t\t\t\t<\/div>\n\t\t\t\t<\/div>\n\t\t\t\t\t<\/div>\n\t\t\t\t<\/div>\n\t\t\t\t<div class=\"elementor-element elementor-element-b6a0dab elementor-widget elementor-widget-text-editor\" data-id=\"b6a0dab\" data-element_type=\"widget\" data-e-type=\"widget\" data-widget_type=\"text-editor.default\">\n\t\t\t\t<div class=\"elementor-widget-container\">\n\t\t\t\t\t\t\t\t\t<p>\u00a0<\/p><p><b style=\"color: var( --e-global-color-text ); font-family: var( --e-global-typography-text-font-family ), Sans-serif; font-size: var( --e-global-typography-text-font-size ); text-align: var(--text-align);\">Placas do Brasil<\/b><\/p><p>A Placas do Brasil S\/A do Brasil \u00e9 uma empresa capixaba especialista na produ\u00e7\u00e3o e comercializa\u00e7\u00e3o de pain\u00e9is de MDF de alta qualidade, oriundos de florestas de eucalipto 100% renov\u00e1veis. Conta com capacidade de produ\u00e7\u00e3o de 35 mil m\u00b3\/m\u00eas de pain\u00e9is de MDF naturais e 24 mil m\u00b3\/m\u00eas de pain\u00e9is de MDF revestidos.<b style=\"color: var( --e-global-color-text ); font-family: var( --e-global-typography-text-font-family ), Sans-serif; font-size: var( --e-global-typography-text-font-size ); text-align: var(--text-align);\">\u00a0<\/b><\/p><p><b style=\"color: var( --e-global-color-text ); font-family: var( --e-global-typography-text-font-family ), Sans-serif; font-size: var( --e-global-typography-text-font-size ); text-align: var(--text-align);\">\u00a0<\/b><\/p><p><b>Bombas de transfer\u00eancia de cavaco<\/b><\/p><p><span style=\"color: var( --e-global-color-text ); font-family: var( --e-global-typography-text-font-family ), Sans-serif; font-size: var( --e-global-typography-text-font-size ); font-weight: var( --e-global-typography-text-font-weight ); text-align: var(--text-align);\">Em uma f\u00e1brica de MDF, a bomba de transfer\u00eancia de cavaco \u00e9 utilizada para mover os res\u00edduos gerados pelo picador de toras de madeira para as pr\u00f3ximas etapas do processo de produ\u00e7\u00e3o. Sua opera\u00e7\u00e3o cont\u00ednua \u00e9 essencial para evitar gargalos e manter a opera\u00e7\u00e3o em pleno funcionamento.<\/span><\/p>\t\t\t\t\t\t\t\t<\/div>\n\t\t\t\t<\/div>\n\t\t\t\t<div class=\"elementor-element elementor-element-221ad30 elementor-widget elementor-widget-spacer\" data-id=\"221ad30\" data-element_type=\"widget\" data-e-type=\"widget\" data-widget_type=\"spacer.default\">\n\t\t\t\t<div class=\"elementor-widget-container\">\n\t\t\t\t\t\t\t<div class=\"elementor-spacer\">\n\t\t\t<div class=\"elementor-spacer-inner\"><\/div>\n\t\t<\/div>\n\t\t\t\t\t\t<\/div>\n\t\t\t\t<\/div>\n\t\t\t\t<div class=\"elementor-element elementor-element-996e2a1 elementor-widget elementor-widget-image\" data-id=\"996e2a1\" data-element_type=\"widget\" data-e-type=\"widget\" data-widget_type=\"image.default\">\n\t\t\t\t<div class=\"elementor-widget-container\">\n\t\t\t\t\t\t\t\t\t\t\t\t\t\t\t\t<a href=\"https:\/\/2neuron.com\/wp-content\/uploads\/2025\/01\/Desenho-sem-titulo.png\" data-elementor-open-lightbox=\"yes\" data-e-action-hash=\"#elementor-action%3Aaction%3Dlightbox%26settings%3DeyJpZCI6NzU0LCJ1cmwiOiJodHRwczpcL1wvMm5ldXJvbi5jb21cL3dwLWNvbnRlbnRcL3VwbG9hZHNcLzIwMjVcLzAxXC9EZXNlbmhvLXNlbS10aXR1bG8ucG5nIn0%3D\">\n\t\t\t\t\t\t\t<img fetchpriority=\"high\" decoding=\"async\" width=\"800\" height=\"305\" src=\"https:\/\/2neuron.com\/wp-content\/uploads\/2025\/01\/Desenho-sem-titulo.png\" class=\"attachment-large size-large wp-image-754\" alt=\"\" srcset=\"https:\/\/2neuron.com\/wp-content\/uploads\/2025\/01\/Desenho-sem-titulo.png 956w, https:\/\/2neuron.com\/wp-content\/uploads\/2025\/01\/Desenho-sem-titulo-300x114.png 300w, https:\/\/2neuron.com\/wp-content\/uploads\/2025\/01\/Desenho-sem-titulo-768x292.png 768w\" sizes=\"(max-width: 800px) 100vw, 800px\" title=\"\">\t\t\t\t\t\t\t\t<\/a>\n\t\t\t\t\t\t\t\t\t\t\t\t\t\t\t<\/div>\n\t\t\t\t<\/div>\n\t\t<div class=\"elementor-element elementor-element-c520e73 e-con-full e-flex e-con e-child\" data-id=\"c520e73\" data-element_type=\"container\" data-e-type=\"container\">\n\t\t<div class=\"elementor-element elementor-element-e73993c e-con-full e-flex e-con e-child\" data-id=\"e73993c\" data-element_type=\"container\" data-e-type=\"container\">\n\t\t\t\t<div class=\"elementor-element elementor-element-3a12323 elementor-widget elementor-widget-text-editor\" data-id=\"3a12323\" data-element_type=\"widget\" data-e-type=\"widget\" data-widget_type=\"text-editor.default\">\n\t\t\t\t<div class=\"elementor-widget-container\">\n\t\t\t\t\t\t\t\t\t<p><strong>Desafio<\/strong><\/p><p>Falhas em equipamentos como esse podem gerar interrup\u00e7\u00f5es importantes na produ\u00e7\u00e3o, causando paradas n\u00e3o programadas, perdas financeiras e aumento de custos operacionais. Defeitos em rolamentos, desalinhamentos ou desgaste de componentes frequentemente apresentam sinais sutis antes de se agravarem, tornando dif\u00edcil a detec\u00e7\u00e3o precoce com m\u00e9todos tradicionais, como an\u00e1lise de vibra\u00e7\u00e3o.<\/p><p>\u00a0<\/p><p><strong style=\"color: var( --e-global-color-text ); font-family: var( --e-global-typography-text-font-family ), Sans-serif; font-size: var( --e-global-typography-text-font-size ); text-align: var(--text-align);\">Solu\u00e7\u00e3o<\/strong><\/p><p>Com o Ultronline, tornou-se poss\u00edvel acompanhar a\u00a0<span style=\"color: var( --e-global-color-text ); font-family: var( --e-global-typography-text-font-family ), Sans-serif; font-size: var( --e-global-typography-text-font-size ); font-weight: var( --e-global-typography-text-font-weight ); text-align: var(--text-align);\">condi\u00e7\u00e3o da bomba em tempo real. O dispositivo\u00a0<\/span><span style=\"color: var( --e-global-color-text ); font-family: var( --e-global-typography-text-font-family ), Sans-serif; font-size: var( --e-global-typography-text-font-size ); font-weight: var( --e-global-typography-text-font-weight ); text-align: var(--text-align);\">identificou um aumento no ru\u00eddo espectral, sinalizando um problema no rolamento. Gra\u00e7as a essa detec\u00e7\u00e3o precoce, foi realizada uma a\u00e7\u00e3o preventiva para corrigir a falta de lubrifica\u00e7\u00e3o, restaurando o funcionamento adequado da bomba e evitando a deteriora\u00e7\u00e3o do rolamento, que poderia causar uma falha cr\u00edtica no equipamento.<\/span><\/p>\t\t\t\t\t\t\t\t<\/div>\n\t\t\t\t<\/div>\n\t\t\t\t<\/div>\n\t\t<div class=\"elementor-element elementor-element-083a07a e-con-full e-flex e-con e-child\" data-id=\"083a07a\" data-element_type=\"container\" data-e-type=\"container\">\n\t\t\t\t<div class=\"elementor-element elementor-element-1376904 elementor-widget elementor-widget-text-editor\" data-id=\"1376904\" data-element_type=\"widget\" data-e-type=\"widget\" data-widget_type=\"text-editor.default\">\n\t\t\t\t<div class=\"elementor-widget-container\">\n\t\t\t\t\t\t\t\t\t<p><span style=\"color: var( --e-global-color-text ); font-family: var( --e-global-typography-text-font-family ), Sans-serif; font-size: var( --e-global-typography-text-font-size ); text-align: var(--text-align);\"><b>Ru\u00eddo espectral<\/b><\/span><\/p><p><span style=\"color: var( --e-global-color-text ); font-family: var( --e-global-typography-text-font-family ), Sans-serif; font-size: var( --e-global-typography-text-font-size ); font-weight: var( --e-global-typography-text-font-weight ); text-align: var(--text-align);\">O gr\u00e1fico mostra o comportamento do indicador <\/span><span style=\"color: var( --e-global-color-text ); font-family: var( --e-global-typography-text-font-family ), Sans-serif; font-size: var( --e-global-typography-text-font-size ); text-align: var(--text-align);\"><b>ru\u00eddo espectral<\/b><\/span><span style=\"color: var( --e-global-color-text ); font-family: var( --e-global-typography-text-font-family ), Sans-serif; font-size: var( --e-global-typography-text-font-size ); font-weight: var( --e-global-typography-text-font-weight ); text-align: var(--text-align);\"> durante o agravamento do desgaste no rolamento, e ap\u00f3s a a\u00e7\u00e3o de lubrifica\u00e7\u00e3o realizada pelo cliente. Nota-se como a interven\u00e7\u00e3o precoce foi eficaz em estabilizar os n\u00edveis do indicador, prevenindo uma falha cr\u00edtica e assegurando o funcionamento cont\u00ednuo do equipamento.<\/span><\/p><p><span style=\"color: var( --e-global-color-text ); font-family: var( --e-global-typography-text-font-family ), Sans-serif; font-size: var( --e-global-typography-text-font-size ); font-weight: var( --e-global-typography-text-font-weight ); text-align: var(--text-align);\">\u00a0<\/span><\/p><p><b>Resultados<\/b><\/p><p>O Ultronline realizou um diagn\u00f3stico preciso, que n\u00e3o foi detectado pela solu\u00e7\u00e3o de monitoramento por vibra\u00e7\u00e3o instalada no mesmo equipamento. Nosso sistema proporcionou um retorno 62 vezes superior ao valor investido na tecnologia ap\u00f3s apenas 8 meses de uso, evitando um preju\u00edzo em torno de 150 mil reais por perda da m\u00e1quina e lucro cessante. Essa preven\u00e7\u00e3o refor\u00e7a o impacto positivo da solu\u00e7\u00e3o na redu\u00e7\u00e3o de custos operacionais e na garantia da continuidade do processo produtivo.<\/p><div>\u00a0<\/div>\t\t\t\t\t\t\t\t<\/div>\n\t\t\t\t<\/div>\n\t\t\t\t<\/div>\n\t\t\t\t<\/div>\n\t\t\t\t<\/div>\n\t\t\t\t<\/div>","protected":false},"excerpt":{"rendered":"<p>Cases de sucesso Detec\u00e7\u00e3o de falha no rolamento de uma bomba de transfer\u00eancia de cavaco da Placas do Brasil, sem instalar sensores no equipamento Descubra neste case de sucesso como o Ultronline detectou falha em rolamento antes dos tradicionais sensores de vibra\u00e7\u00e3o e temperatura. R$ 150 mil ECONOMIZADOS PELO INSIGHT GERADO ROI 62x EM 8 [&hellip;]<\/p>","protected":false},"author":2,"featured_media":0,"parent":0,"menu_order":0,"comment_status":"closed","ping_status":"closed","template":"","meta":{"footnotes":""},"class_list":["post-741","page","type-page","status-publish","hentry"],"_links":{"self":[{"href":"https:\/\/2neuron.com\/en\/wp-json\/wp\/v2\/pages\/741","targetHints":{"allow":["GET"]}}],"collection":[{"href":"https:\/\/2neuron.com\/en\/wp-json\/wp\/v2\/pages"}],"about":[{"href":"https:\/\/2neuron.com\/en\/wp-json\/wp\/v2\/types\/page"}],"author":[{"embeddable":true,"href":"https:\/\/2neuron.com\/en\/wp-json\/wp\/v2\/users\/2"}],"replies":[{"embeddable":true,"href":"https:\/\/2neuron.com\/en\/wp-json\/wp\/v2\/comments?post=741"}],"version-history":[{"count":16,"href":"https:\/\/2neuron.com\/en\/wp-json\/wp\/v2\/pages\/741\/revisions"}],"predecessor-version":[{"id":782,"href":"https:\/\/2neuron.com\/en\/wp-json\/wp\/v2\/pages\/741\/revisions\/782"}],"wp:attachment":[{"href":"https:\/\/2neuron.com\/en\/wp-json\/wp\/v2\/media?parent=741"}],"curies":[{"name":"wp","href":"https:\/\/api.w.org\/{rel}","templated":true}]}}