{"id":761,"date":"2025-01-25T01:33:55","date_gmt":"2025-01-25T01:33:55","guid":{"rendered":"https:\/\/2neuron.com\/?page_id=761"},"modified":"2025-01-25T01:53:17","modified_gmt":"2025-01-25T01:53:17","slug":"deteccao-de-falha-no-acoplamento-de-um-picador-de-toras-de-madeira","status":"publish","type":"page","link":"https:\/\/2neuron.com\/en\/deteccao-de-falha-no-acoplamento-de-um-picador-de-toras-de-madeira\/","title":{"rendered":"Detec\u00e7\u00e3o de falha no acoplamento de um picador de toras de madeira\u200b"},"content":{"rendered":"<div data-elementor-type=\"wp-page\" data-elementor-id=\"761\" class=\"elementor elementor-761\" data-elementor-post-type=\"page\">\n\t\t\t\t<div class=\"elementor-element elementor-element-cb9eecc e-con-full e-flex e-con e-parent\" data-id=\"cb9eecc\" data-element_type=\"container\" data-e-type=\"container\" data-settings=\"{&quot;background_background&quot;:&quot;classic&quot;}\">\n\t\t\t\t<div class=\"elementor-element elementor-element-85f1362 elementor-widget elementor-widget-heading\" data-id=\"85f1362\" data-element_type=\"widget\" data-e-type=\"widget\" data-widget_type=\"heading.default\">\n\t\t\t\t<div class=\"elementor-widget-container\">\n\t\t\t\t\t<h2 class=\"elementor-heading-title elementor-size-default\">Success stories<\/h2>\t\t\t\t<\/div>\n\t\t\t\t<\/div>\n\t\t\t\t<\/div>\n\t\t<div class=\"elementor-element elementor-element-4d9a757 e-con-full e-flex e-con e-parent\" data-id=\"4d9a757\" data-element_type=\"container\" data-e-type=\"container\">\n\t\t\t\t<div class=\"elementor-element elementor-element-5755457 elementor-widget__width-initial elementor-widget-mobile__width-inherit elementor-widget elementor-widget-heading\" data-id=\"5755457\" data-element_type=\"widget\" data-e-type=\"widget\" data-widget_type=\"heading.default\">\n\t\t\t\t<div class=\"elementor-widget-container\">\n\t\t\t\t\t<h5 class=\"elementor-heading-title elementor-size-default\">Como o Ultronline detectou falha no acoplamento de um picador de toras de madeira da Dexco, sem instalar sensores no equipamento<\/h5>\t\t\t\t<\/div>\n\t\t\t\t<\/div>\n\t\t\t\t<div class=\"elementor-element elementor-element-9d4f550 elementor-widget elementor-widget-text-editor\" data-id=\"9d4f550\" data-element_type=\"widget\" data-e-type=\"widget\" data-widget_type=\"text-editor.default\">\n\t\t\t\t<div class=\"elementor-widget-container\">\n\t\t\t\t\t\t\t\t\t<p>Descubra neste case de sucesso como o Ultronline detectou falha no acoplamento de uma m\u00e1quina complexa, antes dos tradicionais sensores de vibra\u00e7\u00e3o e temperatura.<\/p>\t\t\t\t\t\t\t\t<\/div>\n\t\t\t\t<\/div>\n\t\t<div class=\"elementor-element elementor-element-9fecb6a e-grid e-con-boxed e-con e-child\" data-id=\"9fecb6a\" data-element_type=\"container\" data-e-type=\"container\">\n\t\t\t\t\t<div class=\"e-con-inner\">\n\t\t\t\t<div class=\"elementor-element elementor-element-9fba2b3 elementor-widget elementor-widget-icon-box\" data-id=\"9fba2b3\" data-element_type=\"widget\" data-e-type=\"widget\" data-widget_type=\"icon-box.default\">\n\t\t\t\t<div class=\"elementor-widget-container\">\n\t\t\t\t\t\t\t<div class=\"elementor-icon-box-wrapper\">\n\n\t\t\t\n\t\t\t\t\t\t<div class=\"elementor-icon-box-content\">\n\n\t\t\t\t\t\t\t\t\t<h3 class=\"elementor-icon-box-title\">\n\t\t\t\t\t\t<span  >\n\t\t\t\t\t\t\tR$ 117 mil\t\t\t\t\t\t<\/span>\n\t\t\t\t\t<\/h3>\n\t\t\t\t\n\t\t\t\t\t\t\t\t\t<p class=\"elementor-icon-box-description\">\n\t\t\t\t\t\tECONOMIZADOS PELO INSIGHT GERADO\n\t\t\t\t\t<\/p>\n\t\t\t\t\n\t\t\t<\/div>\n\t\t\t\n\t\t<\/div>\n\t\t\t\t\t\t<\/div>\n\t\t\t\t<\/div>\n\t\t\t\t<div class=\"elementor-element elementor-element-d8fe75b elementor-widget elementor-widget-icon-box\" data-id=\"d8fe75b\" data-element_type=\"widget\" data-e-type=\"widget\" data-widget_type=\"icon-box.default\">\n\t\t\t\t<div class=\"elementor-widget-container\">\n\t\t\t\t\t\t\t<div class=\"elementor-icon-box-wrapper\">\n\n\t\t\t\n\t\t\t\t\t\t<div class=\"elementor-icon-box-content\">\n\n\t\t\t\t\t\t\t\t\t<h3 class=\"elementor-icon-box-title\">\n\t\t\t\t\t\t<span  >\n\t\t\t\t\t\t\tROI 23,5x\t\t\t\t\t\t<\/span>\n\t\t\t\t\t<\/h3>\n\t\t\t\t\n\t\t\t\t\t\t\t\t\t<p class=\"elementor-icon-box-description\">\n\t\t\t\t\t\tEM 8 MESES DE USO DA TECNOLOGIA\t\t\t\t\t<\/p>\n\t\t\t\t\n\t\t\t<\/div>\n\t\t\t\n\t\t<\/div>\n\t\t\t\t\t\t<\/div>\n\t\t\t\t<\/div>\n\t\t\t\t\t<\/div>\n\t\t\t\t<\/div>\n\t\t\t\t<div class=\"elementor-element elementor-element-d183cf2 elementor-widget elementor-widget-text-editor\" data-id=\"d183cf2\" data-element_type=\"widget\" data-e-type=\"widget\" data-widget_type=\"text-editor.default\">\n\t\t\t\t<div class=\"elementor-widget-container\">\n\t\t\t\t\t\t\t\t\t<p>\u00a0<\/p><p><b style=\"color: var( --e-global-color-text ); font-family: var( --e-global-typography-text-font-family ), Sans-serif; font-size: var( --e-global-typography-text-font-size ); text-align: var(--text-align);\">Dexco<\/b><\/p><p>A Dexco\u00a0\u00e9 a maior empresa produtora de pain\u00e9is de madeira industrializada do Brasil, l\u00edder de mercado na produ\u00e7\u00e3o de lou\u00e7as e metais sanit\u00e1rios no hemisf\u00e9rio Sul, e uma das l\u00edderes do segmento de revestimentos cer\u00e2micos no pa\u00eds. Nosso case de sucesso foi realizado na unidade de Taquari da Dexco, no Rio Grande do Sul, f\u00e1brica especializada na produ\u00e7\u00e3o de MDP.<\/p><p><b style=\"color: var( --e-global-color-text ); font-family: var( --e-global-typography-text-font-family ), Sans-serif; font-size: var( --e-global-typography-text-font-size ); text-align: var(--text-align);\">\u00a0<\/b><\/p><p><b>Picador de toras de madeira<\/b><\/p><p>Um picador de toras de madeira \u00e9 um equipamento industrial projetado para processar toras ou peda\u00e7os de madeira em lascas ou cavacos uniformes. Ele \u00e9 amplamente utilizado em ind\u00fastrias como papel e celulose, pain\u00e9is de madeira, biomassa, e processamento de madeira, onde o material picado serve como mat\u00e9ria-prima para outros processos.<\/p>\t\t\t\t\t\t\t\t<\/div>\n\t\t\t\t<\/div>\n\t\t\t\t<div class=\"elementor-element elementor-element-980654c elementor-widget elementor-widget-spacer\" data-id=\"980654c\" data-element_type=\"widget\" data-e-type=\"widget\" data-widget_type=\"spacer.default\">\n\t\t\t\t<div class=\"elementor-widget-container\">\n\t\t\t\t\t\t\t<div class=\"elementor-spacer\">\n\t\t\t<div class=\"elementor-spacer-inner\"><\/div>\n\t\t<\/div>\n\t\t\t\t\t\t<\/div>\n\t\t\t\t<\/div>\n\t\t\t\t<div class=\"elementor-element elementor-element-9ea3d3a elementor-widget elementor-widget-image\" data-id=\"9ea3d3a\" data-element_type=\"widget\" data-e-type=\"widget\" data-widget_type=\"image.default\">\n\t\t\t\t<div class=\"elementor-widget-container\">\n\t\t\t\t\t\t\t\t\t\t\t\t\t\t\t\t<a href=\"https:\/\/2neuron.com\/wp-content\/uploads\/2025\/01\/Case_Dexco_01.png\" data-elementor-open-lightbox=\"yes\" data-e-action-hash=\"#elementor-action%3Aaction%3Dlightbox%26settings%3DeyJpZCI6NzY0LCJ1cmwiOiJodHRwczpcL1wvMm5ldXJvbi5jb21cL3dwLWNvbnRlbnRcL3VwbG9hZHNcLzIwMjVcLzAxXC9DYXNlX0RleGNvXzAxLnBuZyJ9\">\n\t\t\t\t\t\t\t<img fetchpriority=\"high\" decoding=\"async\" width=\"800\" height=\"261\" src=\"https:\/\/2neuron.com\/wp-content\/uploads\/2025\/01\/Case_Dexco_01.png\" class=\"attachment-large size-large wp-image-764\" alt=\"\" srcset=\"https:\/\/2neuron.com\/wp-content\/uploads\/2025\/01\/Case_Dexco_01.png 902w, https:\/\/2neuron.com\/wp-content\/uploads\/2025\/01\/Case_Dexco_01-300x98.png 300w, https:\/\/2neuron.com\/wp-content\/uploads\/2025\/01\/Case_Dexco_01-768x250.png 768w\" sizes=\"(max-width: 800px) 100vw, 800px\" title=\"\">\t\t\t\t\t\t\t\t<\/a>\n\t\t\t\t\t\t\t\t\t\t\t\t\t\t\t<\/div>\n\t\t\t\t<\/div>\n\t\t<div class=\"elementor-element elementor-element-74d548e e-con-full e-flex e-con e-child\" data-id=\"74d548e\" data-element_type=\"container\" data-e-type=\"container\">\n\t\t<div class=\"elementor-element elementor-element-e0e6fc1 e-con-full e-flex e-con e-child\" data-id=\"e0e6fc1\" data-element_type=\"container\" data-e-type=\"container\">\n\t\t\t\t<div class=\"elementor-element elementor-element-7b6f4bd elementor-widget elementor-widget-text-editor\" data-id=\"7b6f4bd\" data-element_type=\"widget\" data-e-type=\"widget\" data-widget_type=\"text-editor.default\">\n\t\t\t\t<div class=\"elementor-widget-container\">\n\t\t\t\t\t\t\t\t\t<p><strong>Desafio<\/strong><\/p><p>Monitorar o estado de um acoplamento apresenta grandes desafios, j\u00e1 que os sinais iniciais de falha s\u00e3o sutis e passam despercebidos em inspe\u00e7\u00f5es visuais ou mesmo por sensores<br \/>tradicionais. O sinal de vibra\u00e7\u00e3o pode ser atenuado devido \u00e0 grande massa do equipamento, dificultando a detec\u00e7\u00e3o precoce de anomalias e retardando o diagn\u00f3stico at\u00e9 quando a falha j\u00e1 est\u00e1 na imin\u00eancia de causar uma parada cr\u00edtica na linha de produ\u00e7\u00e3o.<\/p><p>\u00a0<\/p><p><strong style=\"color: var( --e-global-color-text ); font-family: var( --e-global-typography-text-font-family ), Sans-serif; font-size: var( --e-global-typography-text-font-size ); text-align: var(--text-align);\">Solu\u00e7\u00e3o<\/strong><\/p><p>O Ultronline supera esses desafios ao monitorar, a partir do painel el\u00e9trico, n\u00e3o apenas o motor, mas todo o conjunto acionado. Ele identifica padr\u00f5es sutis nos sinais el\u00e9tricos, provocados por defeitos mec\u00e2nicos ainda em est\u00e1gio inicial. Essa abordagem permite diagn\u00f3sticos mais r\u00e1pidos e\u00a0 precisos, garantindo mais tempo para a equipe de\u00a0 manuten\u00e7\u00e3o atuar de forma muito mais eficiente.<\/p>\t\t\t\t\t\t\t\t<\/div>\n\t\t\t\t<\/div>\n\t\t\t\t<\/div>\n\t\t<div class=\"elementor-element elementor-element-a2f7b07 e-con-full e-flex e-con e-child\" data-id=\"a2f7b07\" data-element_type=\"container\" data-e-type=\"container\">\n\t\t\t\t<div class=\"elementor-element elementor-element-da66cc0 elementor-widget elementor-widget-text-editor\" data-id=\"da66cc0\" data-element_type=\"widget\" data-e-type=\"widget\" data-widget_type=\"text-editor.default\">\n\t\t\t\t<div class=\"elementor-widget-container\">\n\t\t\t\t\t\t\t\t\t<p><span style=\"color: var( --e-global-color-text ); font-family: var( --e-global-typography-text-font-family ), Sans-serif; font-size: var( --e-global-typography-text-font-size ); text-align: var(--text-align);\"><b>Como foi poss\u00edvel?<\/b><\/span><\/p><p>O Ultronline identificou o crescimento da energia espectral em uma frequ\u00eancia associada a falhas no acoplamento, como mostra o gr\u00e1fico, o que permitiu a detec\u00e7\u00e3o da anomalia em um est\u00e1gio inicial.<\/p><p><span style=\"color: var( --e-global-color-text ); font-family: var( --e-global-typography-text-font-family ), Sans-serif; font-size: var( --e-global-typography-text-font-size ); font-weight: var( --e-global-typography-text-font-weight ); text-align: var(--text-align);\">\u00a0<\/span><\/p><p><b>Resultados<\/b><\/p><p>Assim que o algoritmo identificou a anomalia, a equipe da Dexco foi imediatamente notificada. A inspe\u00e7\u00e3o revelou falta de\u00a0 lubrifica\u00e7\u00e3o devido a vazamento em um dreno da capa do acoplamento,\u00a0permitindo a\u00e7\u00f5es corretivas que evitaram uma parada n\u00e3o planejada e grandes preju\u00edzos financeiros. O Ultronline gerou um retorno 23,5 vezes superior ao valor investido na tecnologia ap\u00f3s 6 meses de uso, prevenindo um preju\u00edzo de 117 mil reais em lucro cessante.<\/p>\t\t\t\t\t\t\t\t<\/div>\n\t\t\t\t<\/div>\n\t\t\t\t<\/div>\n\t\t\t\t<\/div>\n\t\t\t\t<\/div>\n\t\t\t\t<\/div>","protected":false},"excerpt":{"rendered":"<p>Cases de sucesso Como o Ultronline detectou falha no acoplamento de um picador de toras de madeira da Dexco, sem instalar sensores no equipamento Descubra neste case de sucesso como o Ultronline detectou falha no acoplamento de uma m\u00e1quina complexa, antes dos tradicionais sensores de vibra\u00e7\u00e3o e temperatura. R$ 117 mil ECONOMIZADOS PELO INSIGHT GERADO [&hellip;]<\/p>","protected":false},"author":2,"featured_media":0,"parent":0,"menu_order":0,"comment_status":"closed","ping_status":"closed","template":"","meta":{"footnotes":""},"class_list":["post-761","page","type-page","status-publish","hentry"],"_links":{"self":[{"href":"https:\/\/2neuron.com\/en\/wp-json\/wp\/v2\/pages\/761","targetHints":{"allow":["GET"]}}],"collection":[{"href":"https:\/\/2neuron.com\/en\/wp-json\/wp\/v2\/pages"}],"about":[{"href":"https:\/\/2neuron.com\/en\/wp-json\/wp\/v2\/types\/page"}],"author":[{"embeddable":true,"href":"https:\/\/2neuron.com\/en\/wp-json\/wp\/v2\/users\/2"}],"replies":[{"embeddable":true,"href":"https:\/\/2neuron.com\/en\/wp-json\/wp\/v2\/comments?post=761"}],"version-history":[{"count":12,"href":"https:\/\/2neuron.com\/en\/wp-json\/wp\/v2\/pages\/761\/revisions"}],"predecessor-version":[{"id":785,"href":"https:\/\/2neuron.com\/en\/wp-json\/wp\/v2\/pages\/761\/revisions\/785"}],"wp:attachment":[{"href":"https:\/\/2neuron.com\/en\/wp-json\/wp\/v2\/media?parent=761"}],"curies":[{"name":"wp","href":"https:\/\/api.w.org\/{rel}","templated":true}]}}