{"id":879,"date":"2025-04-28T19:05:39","date_gmt":"2025-04-28T19:05:39","guid":{"rendered":"https:\/\/2neuron.com\/?page_id=879"},"modified":"2025-04-28T19:12:20","modified_gmt":"2025-04-28T19:12:20","slug":"falha-mecanica-em-um-ventilador-industrial-diagnosticada-por-sinais-eletricos","status":"publish","type":"page","link":"https:\/\/2neuron.com\/en\/falha-mecanica-em-um-ventilador-industrial-diagnosticada-por-sinais-eletricos\/","title":{"rendered":"Falha mec\u00e2nica em um ventilador industrial diagnosticada por sinais el\u00e9tricos, na Dexco\u200b"},"content":{"rendered":"<div data-elementor-type=\"wp-page\" data-elementor-id=\"879\" class=\"elementor elementor-879\" data-elementor-post-type=\"page\">\n\t\t\t\t<div class=\"elementor-element elementor-element-cb9eecc e-con-full e-flex e-con e-parent\" data-id=\"cb9eecc\" data-element_type=\"container\" data-e-type=\"container\" data-settings=\"{&quot;background_background&quot;:&quot;classic&quot;}\">\n\t\t\t\t<div class=\"elementor-element elementor-element-85f1362 elementor-widget elementor-widget-heading\" data-id=\"85f1362\" data-element_type=\"widget\" data-e-type=\"widget\" data-widget_type=\"heading.default\">\n\t\t\t\t<div class=\"elementor-widget-container\">\n\t\t\t\t\t<h2 class=\"elementor-heading-title elementor-size-default\">Success stories<\/h2>\t\t\t\t<\/div>\n\t\t\t\t<\/div>\n\t\t\t\t<\/div>\n\t\t<div class=\"elementor-element elementor-element-4d9a757 e-con-full e-flex e-con e-parent\" data-id=\"4d9a757\" data-element_type=\"container\" data-e-type=\"container\">\n\t\t\t\t<div class=\"elementor-element elementor-element-5755457 elementor-widget__width-initial elementor-widget-mobile__width-inherit elementor-widget elementor-widget-heading\" data-id=\"5755457\" data-element_type=\"widget\" data-e-type=\"widget\" data-widget_type=\"heading.default\">\n\t\t\t\t<div class=\"elementor-widget-container\">\n\t\t\t\t\t<h5 class=\"elementor-heading-title elementor-size-default\">Como o Ultronline detectou falha em um ventilador industrial a partir de sinais el\u00e9tricos diretamente do painel el\u00e9trico<\/h5>\t\t\t\t<\/div>\n\t\t\t\t<\/div>\n\t\t\t\t<div class=\"elementor-element elementor-element-9d4f550 elementor-widget elementor-widget-text-editor\" data-id=\"9d4f550\" data-element_type=\"widget\" data-e-type=\"widget\" data-widget_type=\"text-editor.default\">\n\t\t\t\t<div class=\"elementor-widget-container\">\n\t\t\t\t\t\t\t\t\t<p>Descubra neste case de sucesso como o Ultronline detectou uma falha mec\u00e2nica em um ventilador, sem instalar sensores no equipamento.<\/p>\t\t\t\t\t\t\t\t<\/div>\n\t\t\t\t<\/div>\n\t\t<div class=\"elementor-element elementor-element-9fecb6a e-grid e-con-boxed e-con e-child\" data-id=\"9fecb6a\" data-element_type=\"container\" data-e-type=\"container\">\n\t\t\t\t\t<div class=\"e-con-inner\">\n\t\t\t\t<div class=\"elementor-element elementor-element-9fba2b3 elementor-widget elementor-widget-icon-box\" data-id=\"9fba2b3\" data-element_type=\"widget\" data-e-type=\"widget\" data-widget_type=\"icon-box.default\">\n\t\t\t\t<div class=\"elementor-widget-container\">\n\t\t\t\t\t\t\t<div class=\"elementor-icon-box-wrapper\">\n\n\t\t\t\n\t\t\t\t\t\t<div class=\"elementor-icon-box-content\">\n\n\t\t\t\t\t\t\t\t\t<h3 class=\"elementor-icon-box-title\">\n\t\t\t\t\t\t<span  >\n\t\t\t\t\t\t\tR$ 117 mil\t\t\t\t\t\t<\/span>\n\t\t\t\t\t<\/h3>\n\t\t\t\t\n\t\t\t\t\t\t\t\t\t<p class=\"elementor-icon-box-description\">\n\t\t\t\t\t\tECONOMIZADOS PELO INSIGHT GERADO\n\t\t\t\t\t<\/p>\n\t\t\t\t\n\t\t\t<\/div>\n\t\t\t\n\t\t<\/div>\n\t\t\t\t\t\t<\/div>\n\t\t\t\t<\/div>\n\t\t\t\t<div class=\"elementor-element elementor-element-d8fe75b elementor-widget elementor-widget-icon-box\" data-id=\"d8fe75b\" data-element_type=\"widget\" data-e-type=\"widget\" data-widget_type=\"icon-box.default\">\n\t\t\t\t<div class=\"elementor-widget-container\">\n\t\t\t\t\t\t\t<div class=\"elementor-icon-box-wrapper\">\n\n\t\t\t\n\t\t\t\t\t\t<div class=\"elementor-icon-box-content\">\n\n\t\t\t\t\t\t\t\t\t<h3 class=\"elementor-icon-box-title\">\n\t\t\t\t\t\t<span  >\n\t\t\t\t\t\t\tROI 23,5x\t\t\t\t\t\t<\/span>\n\t\t\t\t\t<\/h3>\n\t\t\t\t\n\t\t\t\t\t\t\t\t\t<p class=\"elementor-icon-box-description\">\n\t\t\t\t\t\tEM 6 MESES DE USO DA TECNOLOGIA\t\t\t\t\t<\/p>\n\t\t\t\t\n\t\t\t<\/div>\n\t\t\t\n\t\t<\/div>\n\t\t\t\t\t\t<\/div>\n\t\t\t\t<\/div>\n\t\t\t\t\t<\/div>\n\t\t\t\t<\/div>\n\t\t\t\t<div class=\"elementor-element elementor-element-d183cf2 elementor-widget elementor-widget-text-editor\" data-id=\"d183cf2\" data-element_type=\"widget\" data-e-type=\"widget\" data-widget_type=\"text-editor.default\">\n\t\t\t\t<div class=\"elementor-widget-container\">\n\t\t\t\t\t\t\t\t\t<p>\u00a0<\/p><p><b style=\"color: var( --e-global-color-text ); font-family: var( --e-global-typography-text-font-family ), Sans-serif; font-size: var( --e-global-typography-text-font-size ); text-align: var(--text-align);\">Dexco<\/b><\/p><p>A Dexco\u00a0\u00e9 a maior empresa produtora de pain\u00e9is de madeira industrializada do Brasil, l\u00edder de mercado na produ\u00e7\u00e3o de lou\u00e7as e metais sanit\u00e1rios no hemisf\u00e9rio Sul, e uma das l\u00edderes do segmento de revestimentos cer\u00e2micos no pa\u00eds. Nosso case de sucesso foi realizado na unidade de Taquari da Dexco, no Rio Grande do Sul, f\u00e1brica especializada na produ\u00e7\u00e3o de MDP.<\/p><p><b style=\"color: var( --e-global-color-text ); font-family: var( --e-global-typography-text-font-family ), Sans-serif; font-size: var( --e-global-typography-text-font-size ); text-align: var(--text-align);\">\u00a0<\/b><\/p><p><span style=\"font-weight: 600;\">Ventilador industrial\u00a0<\/span><\/p><p>Os ventiladores desempenham um papel fundamental no processo de secagem, especialmente em c\u00e2maras utilizadas na ind\u00fastria de pain\u00e9is de madeira. Eles s\u00e3o respons\u00e1veis por garantir a circula\u00e7\u00e3o uniforme do ar quente e \u00famido dentro da c\u00e2mara, o que \u00e9 essencial para um processo de secagem eficiente e homog\u00eaneo.<\/p>\t\t\t\t\t\t\t\t<\/div>\n\t\t\t\t<\/div>\n\t\t\t\t<div class=\"elementor-element elementor-element-980654c elementor-widget elementor-widget-spacer\" data-id=\"980654c\" data-element_type=\"widget\" data-e-type=\"widget\" data-widget_type=\"spacer.default\">\n\t\t\t\t<div class=\"elementor-widget-container\">\n\t\t\t\t\t\t\t<div class=\"elementor-spacer\">\n\t\t\t<div class=\"elementor-spacer-inner\"><\/div>\n\t\t<\/div>\n\t\t\t\t\t\t<\/div>\n\t\t\t\t<\/div>\n\t\t\t\t<div class=\"elementor-element elementor-element-9ea3d3a elementor-widget elementor-widget-image\" data-id=\"9ea3d3a\" data-element_type=\"widget\" data-e-type=\"widget\" data-widget_type=\"image.default\">\n\t\t\t\t<div class=\"elementor-widget-container\">\n\t\t\t\t\t\t\t\t\t\t\t\t\t\t\t\t<a href=\"https:\/\/2neuron.com\/wp-content\/uploads\/2025\/04\/Case-Ventilador-Dexco.png\" data-elementor-open-lightbox=\"yes\" data-e-action-hash=\"#elementor-action%3Aaction%3Dlightbox%26settings%3DeyJpZCI6ODU1LCJ1cmwiOiJodHRwczpcL1wvMm5ldXJvbi5jb21cL3dwLWNvbnRlbnRcL3VwbG9hZHNcLzIwMjVcLzA0XC9DYXNlLVZlbnRpbGFkb3ItRGV4Y28ucG5nIn0%3D\">\n\t\t\t\t\t\t\t<img fetchpriority=\"high\" decoding=\"async\" width=\"768\" height=\"346\" src=\"https:\/\/2neuron.com\/wp-content\/uploads\/2025\/04\/Case-Ventilador-Dexco-768x346.png\" class=\"attachment-medium_large size-medium_large wp-image-855\" alt=\"\" srcset=\"https:\/\/2neuron.com\/wp-content\/uploads\/2025\/04\/Case-Ventilador-Dexco-768x346.png 768w, https:\/\/2neuron.com\/wp-content\/uploads\/2025\/04\/Case-Ventilador-Dexco-300x135.png 300w, https:\/\/2neuron.com\/wp-content\/uploads\/2025\/04\/Case-Ventilador-Dexco-1024x461.png 1024w, https:\/\/2neuron.com\/wp-content\/uploads\/2025\/04\/Case-Ventilador-Dexco.png 1256w\" sizes=\"(max-width: 768px) 100vw, 768px\" title=\"\">\t\t\t\t\t\t\t\t<\/a>\n\t\t\t\t\t\t\t\t\t\t\t\t\t\t\t<\/div>\n\t\t\t\t<\/div>\n\t\t<div class=\"elementor-element elementor-element-74d548e e-con-full e-flex e-con e-child\" data-id=\"74d548e\" data-element_type=\"container\" data-e-type=\"container\">\n\t\t<div class=\"elementor-element elementor-element-e0e6fc1 e-con-full e-flex e-con e-child\" data-id=\"e0e6fc1\" data-element_type=\"container\" data-e-type=\"container\">\n\t\t\t\t<div class=\"elementor-element elementor-element-7b6f4bd elementor-widget elementor-widget-text-editor\" data-id=\"7b6f4bd\" data-element_type=\"widget\" data-e-type=\"widget\" data-widget_type=\"text-editor.default\">\n\t\t\t\t<div class=\"elementor-widget-container\">\n\t\t\t\t\t\t\t\t\t<p><strong>Desafio<\/strong><\/p><p>Monitorar ventiladores de alta pot\u00eancia apresenta grandes desafios devido \u00e0s caracter\u00edsticas operacionais desses equipamentos e \u00e0s limita\u00e7\u00f5es dos sensores convencionais. Por possu\u00edrem uma grande in\u00e9rcia rotacional, falhas como desbalanceamento e desalinhamento podem se manifestar de forma sutil no in\u00edcio, gerando vibra\u00e7\u00f5es de baixa amplitude que s\u00e3o dif\u00edceis de se capturar com precis\u00e3o por sensores tradicionais.<\/p><p><strong style=\"color: var( --e-global-color-text ); font-family: var( --e-global-typography-text-font-family ), Sans-serif; font-size: var( --e-global-typography-text-font-size ); text-align: var(--text-align);\">Solu\u00e7\u00e3o<\/strong><\/p><p>O Ultronline \u00e9 instalado no painel el\u00e9trico e conta com sensores de corrente e tens\u00e3o para realizar diagn\u00f3stico de falhas mec\u00e2nicas. Altera\u00e7\u00f5es sutis nos padr\u00f5es de corrente, que muitas vezes precedem qualquer manifesta\u00e7\u00e3o mec\u00e2nica percept\u00edvel, s\u00e3o detectadas pelo Ultronline. Nossos modelos de IA, previamente treinados e continuamente aprimorados com o feedback do cliente, identificaram a falha de forma precisa e proativa, gerando um alerta autom\u00e1tico para a equipe de manuten\u00e7\u00e3o da Dexco. <\/p>\t\t\t\t\t\t\t\t<\/div>\n\t\t\t\t<\/div>\n\t\t\t\t<\/div>\n\t\t<div class=\"elementor-element elementor-element-a2f7b07 e-con-full e-flex e-con e-child\" data-id=\"a2f7b07\" data-element_type=\"container\" data-e-type=\"container\">\n\t\t\t\t<div class=\"elementor-element elementor-element-da66cc0 elementor-widget elementor-widget-text-editor\" data-id=\"da66cc0\" data-element_type=\"widget\" data-e-type=\"widget\" data-widget_type=\"text-editor.default\">\n\t\t\t\t<div class=\"elementor-widget-container\">\n\t\t\t\t\t\t\t\t\t<p><span style=\"color: var( --e-global-color-text ); font-family: var( --e-global-typography-text-font-family ), Sans-serif; font-size: var( --e-global-typography-text-font-size ); text-align: var(--text-align);\"><b>Como foi poss\u00edvel?<\/b><\/span><\/p><p>O gr\u00e1fico mostra o comportamento do indicador de probabilidade de folga na chaveta, crescendo at\u00e9 que um alerta foi enviado ao cliente. A condi\u00e7\u00e3o ruim da chaveta contribuiu para um aumento progressivo da vibra\u00e7\u00e3o global no ventilador. A partir dos alertas gerados foi realizada a a\u00e7\u00e3o preventiva de redu\u00e7\u00e3o da velocidade e posteriormente a corre\u00e7\u00e3o da chaveta, que fez com que o indicador voltasse aos valores de normalidade.<span style=\"color: var( --e-global-color-text ); font-family: var( --e-global-typography-text-font-family ), Sans-serif; font-size: var( --e-global-typography-text-font-size ); font-weight: var( --e-global-typography-text-font-weight ); text-align: var(--text-align);\">\u00a0<\/span><\/p><p><b>Resultados<\/b><\/p><p>O Ultronline demonstrou sua efic\u00e1cia ao identificar um problema cr\u00edtico e o alarme, que foi disparado antes mesmo de se notar uma piora f\u00edsica no equipamento, permitiu que o time de manuten\u00e7\u00e3o da Dexco pudesse organizar uma parada planejada para corre\u00e7\u00e3o, sem afetar os indicadores de produ\u00e7\u00e3o. Com a nossa solu\u00e7\u00e3o, foi poss\u00edvel evitar um preju\u00edzo estimado em R$ 117 mil, decorrente da perda da m\u00e1quina e do lucro cessante. Em apenas 6 meses de uso, a tecnologia proporcionou um retorno 23,5 vezes superior ao valor investido, comprovando seu impacto direto na redu\u00e7\u00e3o de custos operacionais e na garantia da continuidade da produ\u00e7\u00e3o.<\/p>\t\t\t\t\t\t\t\t<\/div>\n\t\t\t\t<\/div>\n\t\t\t\t<\/div>\n\t\t\t\t<\/div>\n\t\t\t\t<\/div>\n\t\t\t\t<\/div>","protected":false},"excerpt":{"rendered":"<p>Cases de sucesso Como o Ultronline detectou falha em um ventilador industrial a partir de sinais el\u00e9tricos diretamente do painel el\u00e9trico Descubra neste case de sucesso como o Ultronline detectou uma falha mec\u00e2nica em um ventilador, sem instalar sensores no equipamento. R$ 117 mil ECONOMIZADOS PELO INSIGHT GERADO ROI 23,5x EM 6 MESES DE USO [&hellip;]<\/p>","protected":false},"author":2,"featured_media":0,"parent":0,"menu_order":0,"comment_status":"closed","ping_status":"closed","template":"","meta":{"footnotes":""},"class_list":["post-879","page","type-page","status-publish","hentry"],"_links":{"self":[{"href":"https:\/\/2neuron.com\/en\/wp-json\/wp\/v2\/pages\/879","targetHints":{"allow":["GET"]}}],"collection":[{"href":"https:\/\/2neuron.com\/en\/wp-json\/wp\/v2\/pages"}],"about":[{"href":"https:\/\/2neuron.com\/en\/wp-json\/wp\/v2\/types\/page"}],"author":[{"embeddable":true,"href":"https:\/\/2neuron.com\/en\/wp-json\/wp\/v2\/users\/2"}],"replies":[{"embeddable":true,"href":"https:\/\/2neuron.com\/en\/wp-json\/wp\/v2\/comments?post=879"}],"version-history":[{"count":1,"href":"https:\/\/2neuron.com\/en\/wp-json\/wp\/v2\/pages\/879\/revisions"}],"predecessor-version":[{"id":880,"href":"https:\/\/2neuron.com\/en\/wp-json\/wp\/v2\/pages\/879\/revisions\/880"}],"wp:attachment":[{"href":"https:\/\/2neuron.com\/en\/wp-json\/wp\/v2\/media?parent=879"}],"curies":[{"name":"wp","href":"https:\/\/api.w.org\/{rel}","templated":true}]}}