{"id":890,"date":"2025-04-28T19:36:39","date_gmt":"2025-04-28T19:36:39","guid":{"rendered":"https:\/\/2neuron.com\/?page_id=890"},"modified":"2025-04-28T19:39:53","modified_gmt":"2025-04-28T19:39:53","slug":"diagnostico-de-falha-no-rolamento-do-motor-de-uma-esteira-transportadora-na-arcelormittal","status":"publish","type":"page","link":"https:\/\/2neuron.com\/en\/diagnostico-de-falha-no-rolamento-do-motor-de-uma-esteira-transportadora-na-arcelormittal\/","title":{"rendered":"Diagn\u00f3stico de falha no rolamento do motor de uma esteira transportadora, na ArcelorMittal\u200b"},"content":{"rendered":"<div data-elementor-type=\"wp-page\" data-elementor-id=\"890\" class=\"elementor elementor-890\" data-elementor-post-type=\"page\">\n\t\t\t\t<div class=\"elementor-element elementor-element-cb9eecc e-con-full e-flex e-con e-parent\" data-id=\"cb9eecc\" data-element_type=\"container\" data-e-type=\"container\" data-settings=\"{&quot;background_background&quot;:&quot;classic&quot;}\">\n\t\t\t\t<div class=\"elementor-element elementor-element-85f1362 elementor-widget elementor-widget-heading\" data-id=\"85f1362\" data-element_type=\"widget\" data-e-type=\"widget\" data-widget_type=\"heading.default\">\n\t\t\t\t<div class=\"elementor-widget-container\">\n\t\t\t\t\t<h2 class=\"elementor-heading-title elementor-size-default\">Success stories<\/h2>\t\t\t\t<\/div>\n\t\t\t\t<\/div>\n\t\t\t\t<\/div>\n\t\t<div class=\"elementor-element elementor-element-4d9a757 e-con-full e-flex e-con e-parent\" data-id=\"4d9a757\" data-element_type=\"container\" data-e-type=\"container\">\n\t\t\t\t<div class=\"elementor-element elementor-element-5755457 elementor-widget__width-initial elementor-widget-mobile__width-inherit elementor-widget elementor-widget-heading\" data-id=\"5755457\" data-element_type=\"widget\" data-e-type=\"widget\" data-widget_type=\"heading.default\">\n\t\t\t\t<div class=\"elementor-widget-container\">\n\t\t\t\t\t<h5 class=\"elementor-heading-title elementor-size-default\">Como o Ultronline detectou falha no rolamento do motor de uma esteira transportadora da ArcelorMittal Pec\u00e9m, sem instalar sensores na m\u00e1quina<\/h5>\t\t\t\t<\/div>\n\t\t\t\t<\/div>\n\t\t\t\t<div class=\"elementor-element elementor-element-9d4f550 elementor-widget elementor-widget-text-editor\" data-id=\"9d4f550\" data-element_type=\"widget\" data-e-type=\"widget\" data-widget_type=\"text-editor.default\">\n\t\t\t\t<div class=\"elementor-widget-container\">\n\t\t\t\t\t\t\t\t\t<p>Confira neste case de sucesso como nossa tecnologia fez mais um diagn\u00f3stico de uma falha mec\u00e2nica a partir de sinais el\u00e9tricos<\/p>\t\t\t\t\t\t\t\t<\/div>\n\t\t\t\t<\/div>\n\t\t<div class=\"elementor-element elementor-element-9fecb6a e-grid e-con-boxed e-con e-child\" data-id=\"9fecb6a\" data-element_type=\"container\" data-e-type=\"container\">\n\t\t\t\t\t<div class=\"e-con-inner\">\n\t\t\t\t<div class=\"elementor-element elementor-element-9fba2b3 elementor-widget elementor-widget-icon-box\" data-id=\"9fba2b3\" data-element_type=\"widget\" data-e-type=\"widget\" data-widget_type=\"icon-box.default\">\n\t\t\t\t<div class=\"elementor-widget-container\">\n\t\t\t\t\t\t\t<div class=\"elementor-icon-box-wrapper\">\n\n\t\t\t\n\t\t\t\t\t\t<div class=\"elementor-icon-box-content\">\n\n\t\t\t\t\t\t\t\t\t<h3 class=\"elementor-icon-box-title\">\n\t\t\t\t\t\t<span  >\n\t\t\t\t\t\t\tR$ 41 mil\t\t\t\t\t\t<\/span>\n\t\t\t\t\t<\/h3>\n\t\t\t\t\n\t\t\t\t\t\t\t\t\t<p class=\"elementor-icon-box-description\">\n\t\t\t\t\t\tECONOMIZADOS PELO INSIGHT GERADO\n\t\t\t\t\t<\/p>\n\t\t\t\t\n\t\t\t<\/div>\n\t\t\t\n\t\t<\/div>\n\t\t\t\t\t\t<\/div>\n\t\t\t\t<\/div>\n\t\t\t\t<div class=\"elementor-element elementor-element-d8fe75b elementor-widget elementor-widget-icon-box\" data-id=\"d8fe75b\" data-element_type=\"widget\" data-e-type=\"widget\" data-widget_type=\"icon-box.default\">\n\t\t\t\t<div class=\"elementor-widget-container\">\n\t\t\t\t\t\t\t<div class=\"elementor-icon-box-wrapper\">\n\n\t\t\t\n\t\t\t\t\t\t<div class=\"elementor-icon-box-content\">\n\n\t\t\t\t\t\t\t\t\t<h3 class=\"elementor-icon-box-title\">\n\t\t\t\t\t\t<span  >\n\t\t\t\t\t\t\tROI 14x\t\t\t\t\t\t<\/span>\n\t\t\t\t\t<\/h3>\n\t\t\t\t\n\t\t\t\t\t\t\t\t\t<p class=\"elementor-icon-box-description\">\n\t\t\t\t\t\tEM 8 MESES DE USO DA TECNOLOGIA\t\t\t\t\t<\/p>\n\t\t\t\t\n\t\t\t<\/div>\n\t\t\t\n\t\t<\/div>\n\t\t\t\t\t\t<\/div>\n\t\t\t\t<\/div>\n\t\t\t\t\t<\/div>\n\t\t\t\t<\/div>\n\t\t\t\t<div class=\"elementor-element elementor-element-d183cf2 elementor-widget elementor-widget-text-editor\" data-id=\"d183cf2\" data-element_type=\"widget\" data-e-type=\"widget\" data-widget_type=\"text-editor.default\">\n\t\t\t\t<div class=\"elementor-widget-container\">\n\t\t\t\t\t\t\t\t\t<p><\/p>\n<p><b style=\"color: var( --e-global-color-text ); font-family: var( --e-global-typography-text-font-family ), Sans-serif; font-size: var( --e-global-typography-text-font-size ); text-align: var(--text-align);\">ArcelorMittal<\/b><\/p>\n<p>A ArcelorMittal \u00e9 a principal produtora de a\u00e7o no Brasil e l\u00edder no mercado global. Suas unidades no pa\u00eds t\u00eam capacidade para produzir anualmente 15,5 milh\u00f5es de toneladas de a\u00e7o bruto e 5,1 milh\u00f5es de toneladas de min\u00e9rio de ferro, atendendo setores como automobil\u00edstico, eletrodom\u00e9sticos, constru\u00e7\u00e3o civil, \u00f3leo e g\u00e1s, m\u00e1quinas e equipamentos, entre outros. Neste case, contamos o caso de sucesso da parceria com a ArcelorMittal Pec\u00e9m, que \u00e9 uma unidade do segmento de a\u00e7os planos, localizada em S\u00e3o Gon\u00e7alo do Amarante, no litoral do Cear\u00e1.<\/p>\n<p><b>Esteiras transportadoras<\/b><\/p>\n<p>As esteiras transportadoras s\u00e3o fundamentais para a movimenta\u00e7\u00e3o cont\u00ednua de materiais em ind\u00fastrias de grande porte, como minera\u00e7\u00e3o, siderurgia e log\u00edstica. Na ArcelorMittal, o transporte de carv\u00e3o metal\u00fargico \u00e9 um processo cr\u00edtico para garantir a alimenta\u00e7\u00e3o cont\u00ednua dos altos-fornos. Qualquer falha nesses equipamentos pode impactar diretamente a produ\u00e7\u00e3o de a\u00e7o, tornando a manuten\u00e7\u00e3o preditiva um fator estrat\u00e9gico para a opera\u00e7\u00e3o.<\/p>\t\t\t\t\t\t\t\t<\/div>\n\t\t\t\t<\/div>\n\t\t\t\t<div class=\"elementor-element elementor-element-980654c elementor-widget elementor-widget-spacer\" data-id=\"980654c\" data-element_type=\"widget\" data-e-type=\"widget\" data-widget_type=\"spacer.default\">\n\t\t\t\t<div class=\"elementor-widget-container\">\n\t\t\t\t\t\t\t<div class=\"elementor-spacer\">\n\t\t\t<div class=\"elementor-spacer-inner\"><\/div>\n\t\t<\/div>\n\t\t\t\t\t\t<\/div>\n\t\t\t\t<\/div>\n\t\t\t\t<div class=\"elementor-element elementor-element-9ea3d3a elementor-widget elementor-widget-image\" data-id=\"9ea3d3a\" data-element_type=\"widget\" data-e-type=\"widget\" data-widget_type=\"image.default\">\n\t\t\t\t<div class=\"elementor-widget-container\">\n\t\t\t\t\t\t\t\t\t\t\t\t\t\t\t\t<a href=\"https:\/\/2neuron.com\/wp-content\/uploads\/2025\/04\/Captura-de-tela-de-2025-04-28-16-17-41.png\" data-elementor-open-lightbox=\"yes\" data-e-action-hash=\"#elementor-action%3Aaction%3Dlightbox%26settings%3DeyJpZCI6ODg5LCJ1cmwiOiJodHRwczpcL1wvMm5ldXJvbi5jb21cL3dwLWNvbnRlbnRcL3VwbG9hZHNcLzIwMjVcLzA0XC9DYXB0dXJhLWRlLXRlbGEtZGUtMjAyNS0wNC0yOC0xNi0xNy00MS5wbmcifQ%3D%3D\">\n\t\t\t\t\t\t\t<img fetchpriority=\"high\" decoding=\"async\" width=\"768\" height=\"414\" src=\"https:\/\/2neuron.com\/wp-content\/uploads\/2025\/04\/Captura-de-tela-de-2025-04-28-16-17-41-768x414.png\" class=\"attachment-medium_large size-medium_large wp-image-889\" alt=\"\" srcset=\"https:\/\/2neuron.com\/wp-content\/uploads\/2025\/04\/Captura-de-tela-de-2025-04-28-16-17-41-768x414.png 768w, https:\/\/2neuron.com\/wp-content\/uploads\/2025\/04\/Captura-de-tela-de-2025-04-28-16-17-41-300x162.png 300w, https:\/\/2neuron.com\/wp-content\/uploads\/2025\/04\/Captura-de-tela-de-2025-04-28-16-17-41-1024x552.png 1024w, https:\/\/2neuron.com\/wp-content\/uploads\/2025\/04\/Captura-de-tela-de-2025-04-28-16-17-41.png 1314w\" sizes=\"(max-width: 768px) 100vw, 768px\" title=\"\">\t\t\t\t\t\t\t\t<\/a>\n\t\t\t\t\t\t\t\t\t\t\t\t\t\t\t<\/div>\n\t\t\t\t<\/div>\n\t\t<div class=\"elementor-element elementor-element-74d548e e-con-full e-flex e-con e-child\" data-id=\"74d548e\" data-element_type=\"container\" data-e-type=\"container\">\n\t\t<div class=\"elementor-element elementor-element-e0e6fc1 e-con-full e-flex e-con e-child\" data-id=\"e0e6fc1\" data-element_type=\"container\" data-e-type=\"container\">\n\t\t\t\t<div class=\"elementor-element elementor-element-7b6f4bd elementor-widget elementor-widget-text-editor\" data-id=\"7b6f4bd\" data-element_type=\"widget\" data-e-type=\"widget\" data-widget_type=\"text-editor.default\">\n\t\t\t\t<div class=\"elementor-widget-container\">\n\t\t\t\t\t\t\t\t\t<p><strong>Desafio<\/strong><\/p><p>Os sensores tradicionais de vibra\u00e7\u00e3o e temperatura enfrentam dificuldades no monitoramento de transportadoras devido \u00e0 interfer\u00eancia de poeira, umidade e varia\u00e7\u00f5es t\u00e9rmicas, al\u00e9m da necessidade de m\u00faltiplos pontos de medi\u00e7\u00e3o ao longo da esteira. Al\u00e9m disso, cada sensor requer uma bateria, aumentando a complexidade e os custos. Por fim, vibra\u00e7\u00f5es normais do sistema podem gerar falsos positivos, dificultando a an\u00e1lise de falhas reais.<\/p><p><strong style=\"color: var( --e-global-color-text ); font-family: var( --e-global-typography-text-font-family ), Sans-serif; font-size: var( --e-global-typography-text-font-size ); text-align: var(--text-align);\">Solu\u00e7\u00e3o<\/strong><\/p><p>Com o Ultronline, tornou-se poss\u00edvel monitorar toda a esteira a partir do painel el\u00e9trico, garantindo maior confiabilidade, detec\u00e7\u00e3o antecipada de falhas e instala\u00e7\u00e3o simplificada, sem depender de sensores expostos a condi\u00e7\u00f5es adversas. Em fevereiro de 2025, o indicador ru\u00eddo espectral de uma esteira apresentou uma tend\u00eancia de crescimento at\u00e9 ultrapassar o limiar de normalidade, indicando um problema no rolamento do motor.<\/p>\t\t\t\t\t\t\t\t<\/div>\n\t\t\t\t<\/div>\n\t\t\t\t<\/div>\n\t\t<div class=\"elementor-element elementor-element-a2f7b07 e-con-full e-flex e-con e-child\" data-id=\"a2f7b07\" data-element_type=\"container\" data-e-type=\"container\">\n\t\t\t\t<div class=\"elementor-element elementor-element-da66cc0 elementor-widget elementor-widget-text-editor\" data-id=\"da66cc0\" data-element_type=\"widget\" data-e-type=\"widget\" data-widget_type=\"text-editor.default\">\n\t\t\t\t<div class=\"elementor-widget-container\">\n\t\t\t\t\t\t\t\t\t<p><span style=\"color: var( --e-global-color-text ); font-family: var( --e-global-typography-text-font-family ), Sans-serif; font-size: var( --e-global-typography-text-font-size ); text-align: var(--text-align);\"><b>Como foi poss\u00edvel?<\/b><\/span><\/p><p>O gr\u00e1fico acima mostra como o indicador ru\u00eddo espectral se comportou durante o agravamento do desgaste no rolamento, gerando um alerta para o cliente. Ap\u00f3s a lubrifica\u00e7\u00e3o do rolamento, o indicador reduziu significativamente de intensidade, retornando aos patamares de normalidade do ativo.<\/p><p><b>Resultados<\/b><\/p><p>A r\u00e1pida identifica\u00e7\u00e3o da falha pelo Ultronline permitiu que a equipe de manuten\u00e7\u00e3o da ArcelorMittal Pec\u00e9m realizasse a lubrifica\u00e7\u00e3o do rolamento antes que a falha se agravasse, evitando danos mais severos ao motor e reduzindo o risco de paradas n\u00e3o programadas. Nosso sistema proporcionou um retorno 14 vezes superior ao valor investido na tecnologia ap\u00f3s apenas 8 meses de uso, evitando um preju\u00edzo em torno de 41 mil reais de manuten\u00e7\u00e3o corretiva.<\/p>\t\t\t\t\t\t\t\t<\/div>\n\t\t\t\t<\/div>\n\t\t\t\t<\/div>\n\t\t\t\t<\/div>\n\t\t\t\t<\/div>\n\t\t\t\t<\/div>","protected":false},"excerpt":{"rendered":"<p>Cases de sucesso Como o Ultronline detectou falha no rolamento do motor de uma esteira transportadora da ArcelorMittal Pec\u00e9m, sem instalar sensores na m\u00e1quina Confira neste case de sucesso como nossa tecnologia fez mais um diagn\u00f3stico de uma falha mec\u00e2nica a partir de sinais el\u00e9tricos R$ 41 mil ECONOMIZADOS PELO INSIGHT GERADO ROI 14x EM [&hellip;]<\/p>","protected":false},"author":2,"featured_media":0,"parent":0,"menu_order":0,"comment_status":"closed","ping_status":"closed","template":"","meta":{"footnotes":""},"class_list":["post-890","page","type-page","status-publish","hentry"],"_links":{"self":[{"href":"https:\/\/2neuron.com\/en\/wp-json\/wp\/v2\/pages\/890","targetHints":{"allow":["GET"]}}],"collection":[{"href":"https:\/\/2neuron.com\/en\/wp-json\/wp\/v2\/pages"}],"about":[{"href":"https:\/\/2neuron.com\/en\/wp-json\/wp\/v2\/types\/page"}],"author":[{"embeddable":true,"href":"https:\/\/2neuron.com\/en\/wp-json\/wp\/v2\/users\/2"}],"replies":[{"embeddable":true,"href":"https:\/\/2neuron.com\/en\/wp-json\/wp\/v2\/comments?post=890"}],"version-history":[{"count":5,"href":"https:\/\/2neuron.com\/en\/wp-json\/wp\/v2\/pages\/890\/revisions"}],"predecessor-version":[{"id":895,"href":"https:\/\/2neuron.com\/en\/wp-json\/wp\/v2\/pages\/890\/revisions\/895"}],"wp:attachment":[{"href":"https:\/\/2neuron.com\/en\/wp-json\/wp\/v2\/media?parent=890"}],"curies":[{"name":"wp","href":"https:\/\/api.w.org\/{rel}","templated":true}]}}